{"id":6379,"date":"2025-07-25T15:16:04","date_gmt":"2025-07-25T13:16:04","guid":{"rendered":"https:\/\/www.it-recht.net\/?page_id=6379"},"modified":"2025-07-25T17:48:31","modified_gmt":"2025-07-25T15:48:31","slug":"mandatserfolge","status":"publish","type":"page","link":"https:\/\/www.it-recht.net\/zh\/mandatserfolge\/","title":{"rendered":"Mandatserfolge"},"content":{"rendered":"\t\t<div data-elementor-type=\"wp-page\" data-elementor-id=\"6379\" class=\"elementor elementor-6379\">\n\t\t\t\t\t\t<section class=\"elementor-section elementor-top-section elementor-element elementor-element-4bf09b1 elementor-section-boxed elementor-section-height-default elementor-section-height-default\" data-id=\"4bf09b1\" data-element_type=\"section\">\n\t\t\t\t\t\t<div class=\"elementor-container elementor-column-gap-default\">\n\t\t\t\t\t<div class=\"elementor-column elementor-col-100 elementor-top-column elementor-element elementor-element-19a8e46\" data-id=\"19a8e46\" data-element_type=\"column\">\n\t\t\t<div class=\"elementor-widget-wrap elementor-element-populated\">\n\t\t\t\t\t\t<div class=\"elementor-element elementor-element-3369dc5 elementor-widget elementor-widget-heading\" data-id=\"3369dc5\" data-element_type=\"widget\" data-widget_type=\"heading.default\">\n\t\t\t\t<div class=\"elementor-widget-container\">\n\t\t\t\t\t<h2 class=\"elementor-heading-title elementor-size-default\"><span style=\"font-weight: 400;letter-spacing: normal;white-space: normal;font-size: medium\">Ein Blick in unsere Praxis \u2013 Ausgew\u00e4hlte Erfolgsf\u00e4lle<\/span><\/h2>\t\t\t\t<\/div>\n\t\t\t\t<\/div>\n\t\t\t\t<div class=\"elementor-element elementor-element-48c5adc elementor-widget elementor-widget-text-editor\" data-id=\"48c5adc\" data-element_type=\"widget\" data-widget_type=\"text-editor.default\">\n\t\t\t\t<div class=\"elementor-widget-container\">\n\t\t\t\t\t\t\t\t\t<p data-start=\"191\" data-end=\"448\">Seit \u00fcber 20 Jahren vertreten wir mit Nachdruck und juristischer Pr\u00e4zision Unternehmen wie Privatpersonen in unterschiedlichsten rechtlichen Angelegenheiten. In dieser Zeit durften wir zahlreiche wegweisende und anspruchsvolle Mandate erfolgreich begleiten.<\/p><p data-start=\"450\" data-end=\"916\">Auf dieser Seite finden Sie eine Auswahl besonders bemerkenswerter F\u00e4lle \u2013 anonymisiert und pr\u00e4gnant aufbereitet. Sie geben Ihnen einen Einblick in unsere Arbeitsweise, unsere strategische Herangehensweise und die Bandbreite unserer Expertise. Vielleicht erkennen Sie in einem der dargestellten Sachverhalte sogar Parallelen zu Ihrer eigenen Situation \u2013 und gewinnen bereits beim Lesen das Vertrauen, dass Sie mit Ihrem Anliegen bei uns in den richtigen H\u00e4nden sind.<\/p>\t\t\t\t\t\t\t\t<\/div>\n\t\t\t\t<\/div>\n\t\t\t\t\t<\/div>\n\t\t<\/div>\n\t\t\t\t\t<\/div>\n\t\t<\/section>\n\t\t\t\t<section class=\"elementor-section elementor-top-section elementor-element elementor-element-bebd38a elementor-section-boxed elementor-section-height-default elementor-section-height-default\" data-id=\"bebd38a\" data-element_type=\"section\">\n\t\t\t\t\t\t<div class=\"elementor-container elementor-column-gap-default\">\n\t\t\t\t\t<div class=\"elementor-column elementor-col-100 elementor-top-column elementor-element elementor-element-174d4b2\" data-id=\"174d4b2\" data-element_type=\"column\">\n\t\t\t<div class=\"elementor-widget-wrap elementor-element-populated\">\n\t\t\t\t\t\t<div class=\"elementor-element elementor-element-d5ebbd6 elementor-widget elementor-widget-heading\" data-id=\"d5ebbd6\" data-element_type=\"widget\" data-widget_type=\"heading.default\">\n\t\t\t\t<div class=\"elementor-widget-container\">\n\t\t\t\t\t<h2 class=\"elementor-heading-title elementor-size-default\">- 2024<\/h2>\t\t\t\t<\/div>\n\t\t\t\t<\/div>\n\t\t\t\t\t<\/div>\n\t\t<\/div>\n\t\t\t\t\t<\/div>\n\t\t<\/section>\n\t\t\t\t<section class=\"elementor-section elementor-top-section elementor-element elementor-element-9c63b9f elementor-section-boxed elementor-section-height-default elementor-section-height-default\" data-id=\"9c63b9f\" data-element_type=\"section\">\n\t\t\t\t\t\t<div class=\"elementor-container elementor-column-gap-default\">\n\t\t\t\t\t<div class=\"elementor-column elementor-col-100 elementor-top-column elementor-element elementor-element-4519175\" data-id=\"4519175\" data-element_type=\"column\">\n\t\t\t<div class=\"elementor-widget-wrap elementor-element-populated\">\n\t\t\t\t\t\t<div class=\"elementor-element elementor-element-92705e3 elementor-widget elementor-widget-image\" data-id=\"92705e3\" data-element_type=\"widget\" data-widget_type=\"image.default\">\n\t\t\t\t<div class=\"elementor-widget-container\">\n\t\t\t\t\t\t\t\t\t\t\t\t\t\t\t<img decoding=\"async\" src=\"https:\/\/www.it-recht.net\/wp-content\/plugins\/elementor\/assets\/images\/placeholder.png\" title=\"\" alt=\"\" loading=\"lazy\" \/>\t\t\t\t\t\t\t\t\t\t\t\t\t\t\t<\/div>\n\t\t\t\t<\/div>\n\t\t\t\t\t<\/div>\n\t\t<\/div>\n\t\t\t\t\t<\/div>\n\t\t<\/section>\n\t\t\t\t<\/div>\n\t\t","protected":false},"excerpt":{"rendered":"<p>Ein Blick in unsere Praxis \u2013 Ausgew\u00e4hlte Erfolgsf\u00e4lle Seit \u00fcber 20 Jahren vertreten wir mit Nachdruck und juristischer Pr\u00e4zision Unternehmen wie Privatpersonen in unterschiedlichsten rechtlichen Angelegenheiten. In dieser Zeit durften wir zahlreiche wegweisende und anspruchsvolle Mandate erfolgreich begleiten. Auf dieser Seite finden Sie eine Auswahl besonders bemerkenswerter F\u00e4lle \u2013 anonymisiert und pr\u00e4gnant aufbereitet. Sie geben&hellip;<\/p>\n","protected":false},"author":1,"featured_media":0,"parent":0,"menu_order":0,"comment_status":"closed","ping_status":"closed","template":"","meta":{"footnotes":""},"class_list":["post-6379","page","type-page","status-publish","hentry"],"translation":{"provider":"WPGlobus","version":"3.0.2","language":"zh","enabled_languages":["de","en","zh"],"languages":{"de":{"title":true,"content":true,"excerpt":false},"en":{"title":false,"content":false,"excerpt":false},"zh":{"title":false,"content":false,"excerpt":false}}},"yoast_head":"<!-- This site is optimized with the Yoast SEO plugin v27.2 - https:\/\/yoast.com\/product\/yoast-seo-wordpress\/ -->\n<title>Mandatserfolge - Rechtsanw\u00e4lte f\u00fcr Internet, IT, Medien | Dr. Lodigkeit Hamburg | Blog<\/title>\n<meta name=\"robots\" content=\"index, follow, max-snippet:-1, max-image-preview:large, max-video-preview:-1\" \/>\n<link rel=\"canonical\" href=\"https:\/\/www.it-recht.net\/mandatserfolge\/\" \/>\n<meta property=\"og:locale\" content=\"zh_CN\" \/>\n<meta property=\"og:type\" content=\"article\" \/>\n<meta property=\"og:title\" content=\"Mandatserfolge - Rechtsanw\u00e4lte f\u00fcr Internet, IT, Medien | Dr. Lodigkeit Hamburg | Blog\" \/>\n<meta property=\"og:url\" content=\"https:\/\/www.it-recht.net\/mandatserfolge\/\" \/>\n<meta property=\"og:site_name\" content=\"Rechtsanw\u00e4lte f\u00fcr Internet, IT, Medien | Dr. Lodigkeit Hamburg | Blog\" \/>\n<meta property=\"article:publisher\" content=\"https:\/\/www.facebook.com\/LodigkeitRechtsanwaelte\" \/>\n<meta property=\"article:modified_time\" content=\"2025-07-25T15:48:31+00:00\" \/>\n<meta property=\"og:image\" content=\"https:\/\/www.it-recht.net\/wp-content\/plugins\/elementor\/assets\/images\/placeholder.png\" \/>\n<meta name=\"twitter:card\" content=\"summary_large_image\" \/>\n<meta name=\"twitter:site\" content=\"@RA_Lodigkeit\" \/>\n<meta name=\"twitter:label1\" content=\"Est. reading time\" \/>\n\t<meta name=\"twitter:data1\" content=\"1 minute\" \/>\n<script type=\"application\/ld+json\" class=\"yoast-schema-graph\">{\"@context\":\"https:\/\/schema.org\",\"@graph\":[{\"@type\":\"WebPage\",\"@id\":\"https:\/\/www.it-recht.net\/mandatserfolge\/\",\"url\":\"https:\/\/www.it-recht.net\/mandatserfolge\/\",\"name\":\"Mandatserfolge - Rechtsanw\u00e4lte f\u00fcr Internet, IT, Medien | Dr. Lodigkeit Hamburg | Blog\",\"isPartOf\":{\"@id\":\"https:\/\/www.it-recht.net\/#website\"},\"primaryImageOfPage\":{\"@id\":\"https:\/\/www.it-recht.net\/mandatserfolge\/#primaryimage\"},\"image\":{\"@id\":\"https:\/\/www.it-recht.net\/mandatserfolge\/#primaryimage\"},\"thumbnailUrl\":\"https:\/\/www.it-recht.net\/wp-content\/plugins\/elementor\/assets\/images\/placeholder.png\",\"datePublished\":\"2025-07-25T13:16:04+00:00\",\"dateModified\":\"2025-07-25T15:48:31+00:00\",\"breadcrumb\":{\"@id\":\"https:\/\/www.it-recht.net\/mandatserfolge\/#breadcrumb\"},\"inLanguage\":\"zh-CN\",\"potentialAction\":[{\"@type\":\"ReadAction\",\"target\":[\"https:\/\/www.it-recht.net\/mandatserfolge\/\"]}]},{\"@type\":\"ImageObject\",\"inLanguage\":\"zh-CN\",\"@id\":\"https:\/\/www.it-recht.net\/mandatserfolge\/#primaryimage\",\"url\":\"https:\/\/www.it-recht.net\/wp-content\/plugins\/elementor\/assets\/images\/placeholder.png\",\"contentUrl\":\"https:\/\/www.it-recht.net\/wp-content\/plugins\/elementor\/assets\/images\/placeholder.png\"},{\"@type\":\"BreadcrumbList\",\"@id\":\"https:\/\/www.it-recht.net\/mandatserfolge\/#breadcrumb\",\"itemListElement\":[{\"@type\":\"ListItem\",\"position\":1,\"name\":\"Startseite\",\"item\":\"https:\/\/www.it-recht.net\/\"},{\"@type\":\"ListItem\",\"position\":2,\"name\":\"Mandatserfolge\"}]},{\"@type\":\"WebSite\",\"@id\":\"https:\/\/www.it-recht.net\/#website\",\"url\":\"https:\/\/www.it-recht.net\/\",\"name\":\"Rechtsanw\u00e4lte f\u00fcr Internet, IT, Medien | Dr. Lodigkeit Hamburg | Blog\",\"description\":\"IT-Recht Medienrecht Urheberrecht Markenrecht\",\"publisher\":{\"@id\":\"https:\/\/www.it-recht.net\/#organization\"},\"potentialAction\":[{\"@type\":\"SearchAction\",\"target\":{\"@type\":\"EntryPoint\",\"urlTemplate\":\"https:\/\/www.it-recht.net\/?s={search_term_string}\"},\"query-input\":{\"@type\":\"PropertyValueSpecification\",\"valueRequired\":true,\"valueName\":\"search_term_string\"}}],\"inLanguage\":\"zh-CN\"},{\"@type\":\"Organization\",\"@id\":\"https:\/\/www.it-recht.net\/#organization\",\"name\":\"Lodigkeit Rechtsanw\u00e4lte\",\"url\":\"https:\/\/www.it-recht.net\/\",\"logo\":{\"@type\":\"ImageObject\",\"inLanguage\":\"zh-CN\",\"@id\":\"https:\/\/www.it-recht.net\/#\/schema\/logo\/image\/\",\"url\":\"https:\/\/www.it-recht.net\/wp-content\/uploads\/2018\/02\/Logoneu-e1529412953187.png\",\"contentUrl\":\"https:\/\/www.it-recht.net\/wp-content\/uploads\/2018\/02\/Logoneu-e1529412953187.png\",\"width\":345,\"height\":107,\"caption\":\"Lodigkeit Rechtsanw\u00e4lte\"},\"image\":{\"@id\":\"https:\/\/www.it-recht.net\/#\/schema\/logo\/image\/\"},\"sameAs\":[\"https:\/\/www.facebook.com\/LodigkeitRechtsanwaelte\",\"https:\/\/x.com\/RA_Lodigkeit\",\"https:\/\/www.instagram.com\/lodigkeit_rechtsanwaelte\/\",\"https:\/\/www.linkedin.com\/company\/26246746\/admin\/dashboard\/\",\"https:\/\/datenschutzrecht.com\/\"]}]}<\/script>\n<!-- \/ Yoast SEO plugin. -->","yoast_head_json":{"title":"Mandatserfolge - Rechtsanw\u00e4lte f\u00fcr Internet, IT, Medien | Dr. Lodigkeit Hamburg | Blog","robots":{"index":"index","follow":"follow","max-snippet":"max-snippet:-1","max-image-preview":"max-image-preview:large","max-video-preview":"max-video-preview:-1"},"canonical":"https:\/\/www.it-recht.net\/mandatserfolge\/","og_locale":"zh_CN","og_type":"article","og_title":"Mandatserfolge - Rechtsanw\u00e4lte f\u00fcr Internet, IT, Medien | Dr. Lodigkeit Hamburg | Blog","og_url":"https:\/\/www.it-recht.net\/mandatserfolge\/","og_site_name":"Rechtsanw\u00e4lte f\u00fcr Internet, IT, Medien | Dr. Lodigkeit Hamburg | Blog","article_publisher":"https:\/\/www.facebook.com\/LodigkeitRechtsanwaelte","article_modified_time":"2025-07-25T15:48:31+00:00","og_image":[{"url":"https:\/\/www.it-recht.net\/wp-content\/plugins\/elementor\/assets\/images\/placeholder.png","type":"","width":"","height":""}],"twitter_card":"summary_large_image","twitter_site":"@RA_Lodigkeit","twitter_misc":{"Est. reading time":"1 minute"},"schema":{"@context":"https:\/\/schema.org","@graph":[{"@type":"WebPage","@id":"https:\/\/www.it-recht.net\/mandatserfolge\/","url":"https:\/\/www.it-recht.net\/mandatserfolge\/","name":"Mandatserfolge - Rechtsanw\u00e4lte f\u00fcr Internet, IT, Medien | Dr. Lodigkeit Hamburg | Blog","isPartOf":{"@id":"https:\/\/www.it-recht.net\/#website"},"primaryImageOfPage":{"@id":"https:\/\/www.it-recht.net\/mandatserfolge\/#primaryimage"},"image":{"@id":"https:\/\/www.it-recht.net\/mandatserfolge\/#primaryimage"},"thumbnailUrl":"https:\/\/www.it-recht.net\/wp-content\/plugins\/elementor\/assets\/images\/placeholder.png","datePublished":"2025-07-25T13:16:04+00:00","dateModified":"2025-07-25T15:48:31+00:00","breadcrumb":{"@id":"https:\/\/www.it-recht.net\/mandatserfolge\/#breadcrumb"},"inLanguage":"zh-CN","potentialAction":[{"@type":"ReadAction","target":["https:\/\/www.it-recht.net\/mandatserfolge\/"]}]},{"@type":"ImageObject","inLanguage":"zh-CN","@id":"https:\/\/www.it-recht.net\/mandatserfolge\/#primaryimage","url":"https:\/\/www.it-recht.net\/wp-content\/plugins\/elementor\/assets\/images\/placeholder.png","contentUrl":"https:\/\/www.it-recht.net\/wp-content\/plugins\/elementor\/assets\/images\/placeholder.png"},{"@type":"BreadcrumbList","@id":"https:\/\/www.it-recht.net\/mandatserfolge\/#breadcrumb","itemListElement":[{"@type":"ListItem","position":1,"name":"Startseite","item":"https:\/\/www.it-recht.net\/"},{"@type":"ListItem","position":2,"name":"Mandatserfolge"}]},{"@type":"WebSite","@id":"https:\/\/www.it-recht.net\/#website","url":"https:\/\/www.it-recht.net\/","name":"Rechtsanw\u00e4lte f\u00fcr Internet, IT, Medien | Dr. Lodigkeit Hamburg | Blog","description":"IT-Recht Medienrecht Urheberrecht Markenrecht","publisher":{"@id":"https:\/\/www.it-recht.net\/#organization"},"potentialAction":[{"@type":"SearchAction","target":{"@type":"EntryPoint","urlTemplate":"https:\/\/www.it-recht.net\/?s={search_term_string}"},"query-input":{"@type":"PropertyValueSpecification","valueRequired":true,"valueName":"search_term_string"}}],"inLanguage":"zh-CN"},{"@type":"Organization","@id":"https:\/\/www.it-recht.net\/#organization","name":"Lodigkeit Rechtsanw\u00e4lte","url":"https:\/\/www.it-recht.net\/","logo":{"@type":"ImageObject","inLanguage":"zh-CN","@id":"https:\/\/www.it-recht.net\/#\/schema\/logo\/image\/","url":"https:\/\/www.it-recht.net\/wp-content\/uploads\/2018\/02\/Logoneu-e1529412953187.png","contentUrl":"https:\/\/www.it-recht.net\/wp-content\/uploads\/2018\/02\/Logoneu-e1529412953187.png","width":345,"height":107,"caption":"Lodigkeit Rechtsanw\u00e4lte"},"image":{"@id":"https:\/\/www.it-recht.net\/#\/schema\/logo\/image\/"},"sameAs":["https:\/\/www.facebook.com\/LodigkeitRechtsanwaelte","https:\/\/x.com\/RA_Lodigkeit","https:\/\/www.instagram.com\/lodigkeit_rechtsanwaelte\/","https:\/\/www.linkedin.com\/company\/26246746\/admin\/dashboard\/","https:\/\/datenschutzrecht.com\/"]}]}},"_links":{"self":[{"href":"https:\/\/www.it-recht.net\/zh\/wp-json\/wp\/v2\/pages\/6379","targetHints":{"allow":["GET"]}}],"collection":[{"href":"https:\/\/www.it-recht.net\/zh\/wp-json\/wp\/v2\/pages"}],"about":[{"href":"https:\/\/www.it-recht.net\/zh\/wp-json\/wp\/v2\/types\/page"}],"author":[{"embeddable":true,"href":"https:\/\/www.it-recht.net\/zh\/wp-json\/wp\/v2\/users\/1"}],"replies":[{"embeddable":true,"href":"https:\/\/www.it-recht.net\/zh\/wp-json\/wp\/v2\/comments?post=6379"}],"version-history":[{"count":13,"href":"https:\/\/www.it-recht.net\/zh\/wp-json\/wp\/v2\/pages\/6379\/revisions"}],"predecessor-version":[{"id":6393,"href":"https:\/\/www.it-recht.net\/zh\/wp-json\/wp\/v2\/pages\/6379\/revisions\/6393"}],"wp:attachment":[{"href":"https:\/\/www.it-recht.net\/zh\/wp-json\/wp\/v2\/media?parent=6379"}],"curies":[{"name":"wp","href":"https:\/\/api.w.org\/{rel}","templated":true}]}}