{"id":60,"date":"2014-09-03T10:16:49","date_gmt":"2014-09-03T08:16:49","guid":{"rendered":"http:\/\/juralib.de\/misc\/lodigkeit\/wordpress\/?page_id=60"},"modified":"2025-08-01T13:33:26","modified_gmt":"2025-08-01T11:33:26","slug":"kontakt","status":"publish","type":"page","link":"https:\/\/www.it-recht.net\/zh\/%E8%81%94%E7%B3%BB%E6%96%B9%E5%BC%8F\/","title":{"rendered":"Kontakt"},"content":{"rendered":"\t\t<div data-elementor-type=\"wp-page\" data-elementor-id=\"60\" class=\"elementor elementor-60\">\n\t\t\t\t\t\t<section class=\"elementor-section elementor-top-section elementor-element elementor-element-af3d167 elementor-section-boxed elementor-section-height-default elementor-section-height-default\" data-id=\"af3d167\" data-element_type=\"section\">\n\t\t\t\t\t\t<div class=\"elementor-container elementor-column-gap-wider\">\n\t\t\t\t\t<div class=\"elementor-column elementor-col-50 elementor-top-column elementor-element elementor-element-c8c0b7f\" data-id=\"c8c0b7f\" data-element_type=\"column\">\n\t\t\t<div class=\"elementor-widget-wrap elementor-element-populated\">\n\t\t\t\t\t\t<div class=\"elementor-element elementor-element-2dbaccf elementor-widget elementor-widget-heading\" data-id=\"2dbaccf\" data-element_type=\"widget\" data-widget_type=\"heading.default\">\n\t\t\t\t<div class=\"elementor-widget-container\">\n\t\t\t\t\t<h2 class=\"elementor-heading-title elementor-size-default\">Unverbindliche Mandatsanfragen\n<\/h2>\t\t\t\t<\/div>\n\t\t\t\t<\/div>\n\t\t\t\t<div class=\"elementor-element elementor-element-33e8374 elementor-widget elementor-widget-text-editor\" data-id=\"33e8374\" data-element_type=\"widget\" data-widget_type=\"text-editor.default\">\n\t\t\t\t<div class=\"elementor-widget-container\">\n\t\t\t\t\t\t\t\t\t<div class=\"clearfix\"><div id=\"c2475\" class=\"frame frame-default frame-type-text frame-layout-0\n\t\t\t\"><p>Schildern Sie uns Ihr Anliegen und\/oder lassen Sie sich zur\u00fcckrufen.<\/p><\/div><\/div>\t\t\t\t\t\t\t\t<\/div>\n\t\t\t\t<\/div>\n\t\t\t\t<div class=\"elementor-element elementor-element-a6a72ad elementor-widget elementor-widget-text-editor\" data-id=\"a6a72ad\" data-element_type=\"widget\" data-widget_type=\"text-editor.default\">\n\t\t\t\t<div class=\"elementor-widget-container\">\n\t\t\t\t\t\t\t\t\t<div class=\"wpforms-container wpforms-container-full\" id=\"wpforms-5482\"><form id=\"wpforms-form-5482\" class=\"wpforms-validate wpforms-form wpforms-ajax-form\" data-formid=\"5482\" method=\"post\" enctype=\"multipart\/form-data\" action=\"\/zh\/wp-json\/wp\/v2\/pages\/60\" data-token=\"270afdd8c2194c43f27f5242600ec8e7\" data-token-time=\"1777112602\"><noscript class=\"wpforms-error-noscript\">Please enable JavaScript in your browser to complete this form.<\/noscript><div class=\"wpforms-field-container\"><div id=\"wpforms-5482-field_0-container\" class=\"wpforms-field wpforms-field-name\" data-field-id=\"0\"><label class=\"wpforms-field-label\">Ihr Name <span class=\"wpforms-required-label\">*<\/span><\/label><div class=\"wpforms-field-row wpforms-field-large\"><div class=\"wpforms-field-row-block wpforms-first wpforms-one-half\"><input type=\"text\" id=\"wpforms-5482-field_0\" class=\"wpforms-field-name-first wpforms-field-required\" name=\"wpforms[fields][0][first]\" required><label for=\"wpforms-5482-field_0\" class=\"wpforms-field-sublabel after\">First<\/label><\/div><div class=\"wpforms-field-row-block wpforms-one-half\"><input type=\"text\" id=\"wpforms-5482-field_0-last\" class=\"wpforms-field-name-last wpforms-field-required\" name=\"wpforms[fields][0][last]\" required><label for=\"wpforms-5482-field_0-last\" class=\"wpforms-field-sublabel after\">Last<\/label><\/div><\/div><\/div><div id=\"wpforms-5482-field_1-container\" class=\"wpforms-field wpforms-field-email wpforms-one-half wpforms-first\" data-field-id=\"1\"><label class=\"wpforms-field-label\" for=\"wpforms-5482-field_1\">Email <span class=\"wpforms-required-label\">*<\/span><\/label><input type=\"email\" id=\"wpforms-5482-field_1\" class=\"wpforms-field-large wpforms-field-required\" name=\"wpforms[fields][1]\" spellcheck=\"false\" required><\/div><div id=\"wpforms-5482-field_4-container\" class=\"wpforms-field wpforms-field-number wpforms-one-half\" data-field-id=\"4\"><label class=\"wpforms-field-label\" for=\"wpforms-5482-field_4\">Telefonnummer<\/label><input type=\"number\" id=\"wpforms-5482-field_4\" class=\"wpforms-field-large\" name=\"wpforms[fields][4]\" step=\"any\" ><\/div><div id=\"wpforms-5482-field_2-container\" class=\"wpforms-field wpforms-field-textarea\" data-field-id=\"2\"><label class=\"wpforms-field-label\" for=\"wpforms-5482-field_2\">Ihre Nachricht <span class=\"wpforms-required-label\">*<\/span><\/label><textarea id=\"wpforms-5482-field_2\" class=\"wpforms-field-medium wpforms-field-required\" name=\"wpforms[fields][2]\" required><\/textarea><\/div><div id=\"wpforms-5482-field_5-container\" class=\"wpforms-field wpforms-field-checkbox\" data-field-id=\"5\"><label class=\"wpforms-field-label wpforms-label-hide\">Datenschutzbestimmung <span class=\"wpforms-required-label\">*<\/span><\/label><ul id=\"wpforms-5482-field_5\" class=\"wpforms-field-required\"><li class=\"choice-1 depth-1\"><input type=\"checkbox\" id=\"wpforms-5482-field_5_1\" name=\"wpforms[fields][5][]\" value=\"Mit Setzen des H\u00e4kchens im Kontrollk\u00e4stchen erkl\u00e4ren Sie sich mit der Speicherung der von Ihnen angegebenen Daten zur streng zweckgebundenen Verwendung f\u00fcr die Bearbeitung und Beantwortung Ihrer Anfrage einverstanden. Sie k\u00f6nnen dieser Datenspeicherung jederzeit durch einfache Nachricht an uns widerrufen. Weitere Informationen entnehmen Sie der &lt;a href=&quot;https:\/\/www.it-recht.net\/datenschutzerklaerung\/&quot;&gt;Datenschutzerkl\u00e4rung&lt;\/a&gt;.\" required ><label class=\"wpforms-field-label-inline\" for=\"wpforms-5482-field_5_1\">Mit Setzen des H\u00e4kchens im Kontrollk\u00e4stchen erkl\u00e4ren Sie sich mit der Speicherung der von Ihnen angegebenen Daten zur streng zweckgebundenen Verwendung f\u00fcr die Bearbeitung und Beantwortung Ihrer Anfrage einverstanden. Sie k\u00f6nnen dieser Datenspeicherung jederzeit durch einfache Nachricht an uns widerrufen. Weitere Informationen entnehmen Sie der <a href=\"https:\/\/www.it-recht.net\/datenschutzerklaerung\/\">Datenschutzerkl\u00e4rung<\/a>.<\/label><\/li><\/ul><\/div><\/div><!-- .wpforms-field-container --><div class=\"wpforms-submit-container\" ><input type=\"hidden\" name=\"wpforms[id]\" value=\"5482\"><input type=\"hidden\" name=\"page_title\" value=\"\"><input type=\"hidden\" name=\"page_url\" value=\"https:\/\/www.it-recht.net\/zh\/wp-json\/wp\/v2\/pages\/60\"><input type=\"hidden\" name=\"url_referer\" value=\"\"><button type=\"submit\" name=\"wpforms[submit]\" id=\"wpforms-submit-5482\" class=\"wpforms-submit\" data-alt-text=\"Sendet...\" data-submit-text=\"Senden\" aria-live=\"assertive\" value=\"wpforms-submit\">Senden<\/button><img decoding=\"async\" src=\"https:\/\/www.it-recht.net\/wp-content\/plugins\/wpforms-lite\/assets\/images\/submit-spin.svg\" class=\"wpforms-submit-spinner\" style=\"display: none;\" width=\"26\" height=\"26\" alt=\"Loading\"><\/div><\/form><\/div>  <!-- .wpforms-container --><\/p>\t\t\t\t\t\t\t\t<\/div>\n\t\t\t\t<\/div>\n\t\t\t\t\t<\/div>\n\t\t<\/div>\n\t\t\t\t<div class=\"elementor-column elementor-col-50 elementor-top-column elementor-element elementor-element-4a56a83\" data-id=\"4a56a83\" data-element_type=\"column\">\n\t\t\t<div class=\"elementor-widget-wrap elementor-element-populated\">\n\t\t\t\t\t\t<div class=\"elementor-element elementor-element-1e3aa7b elementor-widget elementor-widget-image\" data-id=\"1e3aa7b\" data-element_type=\"widget\" data-widget_type=\"image.default\">\n\t\t\t\t<div class=\"elementor-widget-container\">\n\t\t\t\t\t\t\t\t\t\t\t\t\t\t\t<img fetchpriority=\"high\" decoding=\"async\" width=\"682\" height=\"1024\" src=\"https:\/\/www.it-recht.net\/wp-content\/uploads\/2022\/09\/Kontakt-Sekretariat-682x1024.jpg\" class=\"attachment-large size-large wp-image-5955\" alt=\"\" srcset=\"https:\/\/www.it-recht.net\/wp-content\/uploads\/2022\/09\/Kontakt-Sekretariat-682x1024.jpg 682w, https:\/\/www.it-recht.net\/wp-content\/uploads\/2022\/09\/Kontakt-Sekretariat-200x300.jpg 200w, https:\/\/www.it-recht.net\/wp-content\/uploads\/2022\/09\/Kontakt-Sekretariat-768x1152.jpg 768w, https:\/\/www.it-recht.net\/wp-content\/uploads\/2022\/09\/Kontakt-Sekretariat-1024x1536.jpg 1024w, https:\/\/www.it-recht.net\/wp-content\/uploads\/2022\/09\/Kontakt-Sekretariat.jpg 1333w\" sizes=\"(max-width: 682px) 100vw, 682px\" \/>\t\t\t\t\t\t\t\t\t\t\t\t\t\t\t<\/div>\n\t\t\t\t<\/div>\n\t\t\t\t\t<\/div>\n\t\t<\/div>\n\t\t\t\t\t<\/div>\n\t\t<\/section>\n\t\t\t\t<section class=\"elementor-section elementor-top-section elementor-element elementor-element-3bc925f2 elementor-section-content-middle elementor-section-boxed elementor-section-height-default elementor-section-height-default\" data-id=\"3bc925f2\" data-element_type=\"section\" data-settings=\"{&quot;background_background&quot;:&quot;classic&quot;}\">\n\t\t\t\t\t\t\t<div class=\"elementor-background-overlay\"><\/div>\n\t\t\t\t\t\t\t<div class=\"elementor-container elementor-column-gap-wider\">\n\t\t\t\t\t<div class=\"elementor-column elementor-col-50 elementor-top-column elementor-element elementor-element-32077047\" data-id=\"32077047\" data-element_type=\"column\" data-settings=\"{&quot;background_background&quot;:&quot;classic&quot;}\">\n\t\t\t<div class=\"elementor-widget-wrap elementor-element-populated\">\n\t\t\t\t\t\t<div class=\"elementor-element elementor-element-48e521bf elementor-widget elementor-widget-text-editor\" data-id=\"48e521bf\" data-element_type=\"widget\" data-widget_type=\"text-editor.default\">\n\t\t\t\t<div class=\"elementor-widget-container\">\n\t\t\t\t\t\t\t\t\t<h3 style=\"text-align: left;\"><span style=\"color: inherit; font-family: Roboto; font-size: 24px; font-weight: bold; letter-spacing: -0.02em;\">Lodigkeit Rechtsanw\u00e4lte<\/span><\/h3><p style=\"text-align: left;\"><i class=\"fa fa-address-card-o fa-lg\" style=\"color: black;\" aria-hidden=\"true\"><\/i>\u00a0Poststrasse 25, 20354 Hamburg<br \/><i class=\"fa fa-phone fa-lg\" style=\"color: black;\" aria-hidden=\"true\"><\/i> <a style=\"color: black;\" href=\"tel:+494035004890\">+49 (0) 40 \/ 3500489-0<\/a><br \/><i class=\"fa fa-fax fa-lg\" style=\"color: black;\" aria-hidden=\"true\"><\/i> <a style=\"color: black;\" href=\"tel:+4940350048910\">+49 (0) 40 \/ 3500489-10<\/a><br \/><i class=\"fa fa-envelope-o fa-lg\" style=\"color: black;\" aria-hidden=\"true\"><\/i> <a style=\"color: black;\" href=\"&#x6d;&#97;il&#x74;&#x6f;:i&#x6e;&#x66;&#111;&#64;i&#x74;&#45;re&#x63;&#x68;&#116;.&#x6e;&#x65;&#116;\">in&#102;&#x6f;&#x40;&#x69;t-r&#101;&#x63;&#x68;&#x74;.n&#101;&#116;<\/a><\/p>\t\t\t\t\t\t\t\t<\/div>\n\t\t\t\t<\/div>\n\t\t\t\t\t<\/div>\n\t\t<\/div>\n\t\t\t\t<div class=\"elementor-column elementor-col-50 elementor-top-column elementor-element elementor-element-7482b1c\" data-id=\"7482b1c\" data-element_type=\"column\">\n\t\t\t<div class=\"elementor-widget-wrap elementor-element-populated\">\n\t\t\t\t\t\t<div class=\"elementor-element elementor-element-ce020f4 elementor-widget elementor-widget-google_maps\" data-id=\"ce020f4\" data-element_type=\"widget\" data-widget_type=\"google_maps.default\">\n\t\t\t\t<div class=\"elementor-widget-container\">\n\t\t\t\t\t\t\t<div class=\"elementor-custom-embed\">\n\t\t\t<iframe loading=\"lazy\"\n\t\t\t\t\tsrc=\"https:\/\/maps.google.com\/maps?q=postsra%C3%9Fe%2025%20hamburg&#038;t=m&#038;z=14&#038;output=embed&#038;iwloc=near\"\n\t\t\t\t\ttitle=\"postsra\u00dfe 25 hamburg\"\n\t\t\t\t\taria-label=\"postsra\u00dfe 25 hamburg\"\n\t\t\t><\/iframe>\n\t\t<\/div>\n\t\t\t\t\t\t<\/div>\n\t\t\t\t<\/div>\n\t\t\t\t\t<\/div>\n\t\t<\/div>\n\t\t\t\t\t<\/div>\n\t\t<\/section>\n\t\t\t\t<\/div>\n\t\t","protected":false},"excerpt":{"rendered":"<p>Unverbindliche Mandatsanfragen Schildern Sie uns Ihr Anliegen und\/oder lassen Sie sich zur\u00fcckrufen. Lodigkeit Rechtsanw\u00e4lte \u00a0Poststrasse 25, 20354 Hamburg +49 (0) 40 \/ 3500489-0 +49 (0) 40 \/ 3500489-10 &#x69;n&#x66;&#x6f;&#64;&#x69;&#x74;-&#x72;&#x65;c&#x68;&#x74;.&#x6e;&#x65;t<\/p>\n","protected":false},"author":1,"featured_media":0,"parent":0,"menu_order":0,"comment_status":"closed","ping_status":"closed","template":"","meta":{"footnotes":""},"class_list":["post-60","page","type-page","status-publish","hentry"],"translation":{"provider":"WPGlobus","version":"3.0.2","language":"zh","enabled_languages":["de","en","zh"],"languages":{"de":{"title":true,"content":true,"excerpt":false},"en":{"title":false,"content":false,"excerpt":false},"zh":{"title":false,"content":false,"excerpt":false}}},"yoast_head":"<!-- This site is optimized with the Yoast SEO plugin v27.2 - https:\/\/yoast.com\/product\/yoast-seo-wordpress\/ -->\n<title>Kontakt - Rechtsanw\u00e4lte f\u00fcr Internet, IT, Medien | Dr. Lodigkeit Hamburg | Blog<\/title>\n<meta name=\"robots\" content=\"index, follow, max-snippet:-1, max-image-preview:large, max-video-preview:-1\" \/>\n<link rel=\"canonical\" href=\"https:\/\/www.it-recht.net\/kontakt\/\" \/>\n<meta property=\"og:locale\" content=\"zh_CN\" \/>\n<meta property=\"og:type\" content=\"article\" \/>\n<meta property=\"og:title\" content=\"Kontakt - Rechtsanw\u00e4lte f\u00fcr Internet, IT, Medien | Dr. Lodigkeit Hamburg | Blog\" \/>\n<meta property=\"og:url\" content=\"https:\/\/www.it-recht.net\/kontakt\/\" \/>\n<meta property=\"og:site_name\" content=\"Rechtsanw\u00e4lte f\u00fcr Internet, IT, Medien | Dr. Lodigkeit Hamburg | Blog\" \/>\n<meta property=\"article:publisher\" content=\"https:\/\/www.facebook.com\/LodigkeitRechtsanwaelte\" \/>\n<meta property=\"article:modified_time\" content=\"2025-08-01T11:33:26+00:00\" \/>\n<meta property=\"og:image\" content=\"https:\/\/www.it-recht.net\/wp-content\/uploads\/2022\/09\/Kontakt-Sekretariat-682x1024.jpg\" \/>\n<meta name=\"twitter:card\" content=\"summary_large_image\" \/>\n<meta name=\"twitter:site\" content=\"@RA_Lodigkeit\" \/>\n<meta name=\"twitter:label1\" content=\"Est. reading time\" \/>\n\t<meta name=\"twitter:data1\" content=\"1 minute\" \/>\n<script type=\"application\/ld+json\" class=\"yoast-schema-graph\">{\"@context\":\"https:\/\/schema.org\",\"@graph\":[{\"@type\":\"WebPage\",\"@id\":\"https:\/\/www.it-recht.net\/kontakt\/\",\"url\":\"https:\/\/www.it-recht.net\/kontakt\/\",\"name\":\"Kontakt - Rechtsanw\u00e4lte f\u00fcr Internet, IT, Medien | Dr. Lodigkeit Hamburg | Blog\",\"isPartOf\":{\"@id\":\"https:\/\/www.it-recht.net\/#website\"},\"primaryImageOfPage\":{\"@id\":\"https:\/\/www.it-recht.net\/kontakt\/#primaryimage\"},\"image\":{\"@id\":\"https:\/\/www.it-recht.net\/kontakt\/#primaryimage\"},\"thumbnailUrl\":\"https:\/\/www.it-recht.net\/wp-content\/uploads\/2022\/09\/Kontakt-Sekretariat-682x1024.jpg\",\"datePublished\":\"2014-09-03T08:16:49+00:00\",\"dateModified\":\"2025-08-01T11:33:26+00:00\",\"description\":\"Nehmen Sie Kontakt zu unserer Kanzlei auf f\u00fcr Ihre rechtlichen Fragen zu den Bereichen Internet, IT und Medien oder vereinbaren Sie gleich einen Termin.\",\"breadcrumb\":{\"@id\":\"https:\/\/www.it-recht.net\/kontakt\/#breadcrumb\"},\"inLanguage\":\"zh-CN\",\"potentialAction\":[{\"@type\":\"ReadAction\",\"target\":[\"https:\/\/www.it-recht.net\/kontakt\/\"]}]},{\"@type\":\"ImageObject\",\"inLanguage\":\"zh-CN\",\"@id\":\"https:\/\/www.it-recht.net\/kontakt\/#primaryimage\",\"url\":\"https:\/\/www.it-recht.net\/wp-content\/uploads\/2022\/09\/Kontakt-Sekretariat-682x1024.jpg\",\"contentUrl\":\"https:\/\/www.it-recht.net\/wp-content\/uploads\/2022\/09\/Kontakt-Sekretariat-682x1024.jpg\"},{\"@type\":\"BreadcrumbList\",\"@id\":\"https:\/\/www.it-recht.net\/kontakt\/#breadcrumb\",\"itemListElement\":[{\"@type\":\"ListItem\",\"position\":1,\"name\":\"Startseite\",\"item\":\"https:\/\/www.it-recht.net\/\"},{\"@type\":\"ListItem\",\"position\":2,\"name\":\"Kontakt\"}]},{\"@type\":\"WebSite\",\"@id\":\"https:\/\/www.it-recht.net\/#website\",\"url\":\"https:\/\/www.it-recht.net\/\",\"name\":\"Rechtsanw\u00e4lte f\u00fcr Internet, IT, Medien | Dr. Lodigkeit Hamburg | Blog\",\"description\":\"IT-Recht Medienrecht Urheberrecht Markenrecht\",\"publisher\":{\"@id\":\"https:\/\/www.it-recht.net\/#organization\"},\"potentialAction\":[{\"@type\":\"SearchAction\",\"target\":{\"@type\":\"EntryPoint\",\"urlTemplate\":\"https:\/\/www.it-recht.net\/?s={search_term_string}\"},\"query-input\":{\"@type\":\"PropertyValueSpecification\",\"valueRequired\":true,\"valueName\":\"search_term_string\"}}],\"inLanguage\":\"zh-CN\"},{\"@type\":\"Organization\",\"@id\":\"https:\/\/www.it-recht.net\/#organization\",\"name\":\"Lodigkeit Rechtsanw\u00e4lte\",\"url\":\"https:\/\/www.it-recht.net\/\",\"logo\":{\"@type\":\"ImageObject\",\"inLanguage\":\"zh-CN\",\"@id\":\"https:\/\/www.it-recht.net\/#\/schema\/logo\/image\/\",\"url\":\"https:\/\/www.it-recht.net\/wp-content\/uploads\/2018\/02\/Logoneu-e1529412953187.png\",\"contentUrl\":\"https:\/\/www.it-recht.net\/wp-content\/uploads\/2018\/02\/Logoneu-e1529412953187.png\",\"width\":345,\"height\":107,\"caption\":\"Lodigkeit Rechtsanw\u00e4lte\"},\"image\":{\"@id\":\"https:\/\/www.it-recht.net\/#\/schema\/logo\/image\/\"},\"sameAs\":[\"https:\/\/www.facebook.com\/LodigkeitRechtsanwaelte\",\"https:\/\/x.com\/RA_Lodigkeit\",\"https:\/\/www.instagram.com\/lodigkeit_rechtsanwaelte\/\",\"https:\/\/www.linkedin.com\/company\/26246746\/admin\/dashboard\/\",\"https:\/\/datenschutzrecht.com\/\"]}]}<\/script>\n<!-- \/ Yoast SEO plugin. -->","yoast_head_json":{"title":"Kontakt - Rechtsanw\u00e4lte f\u00fcr Internet, IT, Medien | Dr. Lodigkeit Hamburg | Blog","robots":{"index":"index","follow":"follow","max-snippet":"max-snippet:-1","max-image-preview":"max-image-preview:large","max-video-preview":"max-video-preview:-1"},"canonical":"https:\/\/www.it-recht.net\/kontakt\/","og_locale":"zh_CN","og_type":"article","og_title":"Kontakt - Rechtsanw\u00e4lte f\u00fcr Internet, IT, Medien | Dr. Lodigkeit Hamburg | Blog","og_url":"https:\/\/www.it-recht.net\/kontakt\/","og_site_name":"Rechtsanw\u00e4lte f\u00fcr Internet, IT, Medien | Dr. Lodigkeit Hamburg | Blog","article_publisher":"https:\/\/www.facebook.com\/LodigkeitRechtsanwaelte","article_modified_time":"2025-08-01T11:33:26+00:00","og_image":[{"url":"https:\/\/www.it-recht.net\/wp-content\/uploads\/2022\/09\/Kontakt-Sekretariat-682x1024.jpg","type":"","width":"","height":""}],"twitter_card":"summary_large_image","twitter_site":"@RA_Lodigkeit","twitter_misc":{"Est. reading time":"1 minute"},"schema":{"@context":"https:\/\/schema.org","@graph":[{"@type":"WebPage","@id":"https:\/\/www.it-recht.net\/kontakt\/","url":"https:\/\/www.it-recht.net\/kontakt\/","name":"Kontakt - Rechtsanw\u00e4lte f\u00fcr Internet, IT, Medien | Dr. Lodigkeit Hamburg | Blog","isPartOf":{"@id":"https:\/\/www.it-recht.net\/#website"},"primaryImageOfPage":{"@id":"https:\/\/www.it-recht.net\/kontakt\/#primaryimage"},"image":{"@id":"https:\/\/www.it-recht.net\/kontakt\/#primaryimage"},"thumbnailUrl":"https:\/\/www.it-recht.net\/wp-content\/uploads\/2022\/09\/Kontakt-Sekretariat-682x1024.jpg","datePublished":"2014-09-03T08:16:49+00:00","dateModified":"2025-08-01T11:33:26+00:00","description":"Nehmen Sie Kontakt zu unserer Kanzlei auf f\u00fcr Ihre rechtlichen Fragen zu den Bereichen Internet, IT und Medien oder vereinbaren Sie gleich einen Termin.","breadcrumb":{"@id":"https:\/\/www.it-recht.net\/kontakt\/#breadcrumb"},"inLanguage":"zh-CN","potentialAction":[{"@type":"ReadAction","target":["https:\/\/www.it-recht.net\/kontakt\/"]}]},{"@type":"ImageObject","inLanguage":"zh-CN","@id":"https:\/\/www.it-recht.net\/kontakt\/#primaryimage","url":"https:\/\/www.it-recht.net\/wp-content\/uploads\/2022\/09\/Kontakt-Sekretariat-682x1024.jpg","contentUrl":"https:\/\/www.it-recht.net\/wp-content\/uploads\/2022\/09\/Kontakt-Sekretariat-682x1024.jpg"},{"@type":"BreadcrumbList","@id":"https:\/\/www.it-recht.net\/kontakt\/#breadcrumb","itemListElement":[{"@type":"ListItem","position":1,"name":"Startseite","item":"https:\/\/www.it-recht.net\/"},{"@type":"ListItem","position":2,"name":"Kontakt"}]},{"@type":"WebSite","@id":"https:\/\/www.it-recht.net\/#website","url":"https:\/\/www.it-recht.net\/","name":"Rechtsanw\u00e4lte f\u00fcr Internet, IT, Medien | Dr. Lodigkeit Hamburg | Blog","description":"IT-Recht Medienrecht Urheberrecht Markenrecht","publisher":{"@id":"https:\/\/www.it-recht.net\/#organization"},"potentialAction":[{"@type":"SearchAction","target":{"@type":"EntryPoint","urlTemplate":"https:\/\/www.it-recht.net\/?s={search_term_string}"},"query-input":{"@type":"PropertyValueSpecification","valueRequired":true,"valueName":"search_term_string"}}],"inLanguage":"zh-CN"},{"@type":"Organization","@id":"https:\/\/www.it-recht.net\/#organization","name":"Lodigkeit Rechtsanw\u00e4lte","url":"https:\/\/www.it-recht.net\/","logo":{"@type":"ImageObject","inLanguage":"zh-CN","@id":"https:\/\/www.it-recht.net\/#\/schema\/logo\/image\/","url":"https:\/\/www.it-recht.net\/wp-content\/uploads\/2018\/02\/Logoneu-e1529412953187.png","contentUrl":"https:\/\/www.it-recht.net\/wp-content\/uploads\/2018\/02\/Logoneu-e1529412953187.png","width":345,"height":107,"caption":"Lodigkeit Rechtsanw\u00e4lte"},"image":{"@id":"https:\/\/www.it-recht.net\/#\/schema\/logo\/image\/"},"sameAs":["https:\/\/www.facebook.com\/LodigkeitRechtsanwaelte","https:\/\/x.com\/RA_Lodigkeit","https:\/\/www.instagram.com\/lodigkeit_rechtsanwaelte\/","https:\/\/www.linkedin.com\/company\/26246746\/admin\/dashboard\/","https:\/\/datenschutzrecht.com\/"]}]}},"_links":{"self":[{"href":"https:\/\/www.it-recht.net\/zh\/wp-json\/wp\/v2\/pages\/60","targetHints":{"allow":["GET"]}}],"collection":[{"href":"https:\/\/www.it-recht.net\/zh\/wp-json\/wp\/v2\/pages"}],"about":[{"href":"https:\/\/www.it-recht.net\/zh\/wp-json\/wp\/v2\/types\/page"}],"author":[{"embeddable":true,"href":"https:\/\/www.it-recht.net\/zh\/wp-json\/wp\/v2\/users\/1"}],"replies":[{"embeddable":true,"href":"https:\/\/www.it-recht.net\/zh\/wp-json\/wp\/v2\/comments?post=60"}],"version-history":[{"count":59,"href":"https:\/\/www.it-recht.net\/zh\/wp-json\/wp\/v2\/pages\/60\/revisions"}],"predecessor-version":[{"id":6407,"href":"https:\/\/www.it-recht.net\/zh\/wp-json\/wp\/v2\/pages\/60\/revisions\/6407"}],"wp:attachment":[{"href":"https:\/\/www.it-recht.net\/zh\/wp-json\/wp\/v2\/media?parent=60"}],"curies":[{"name":"wp","href":"https:\/\/api.w.org\/{rel}","templated":true}]}}