{"id":5847,"date":"2022-06-19T12:41:34","date_gmt":"2022-06-19T10:41:34","guid":{"rendered":"https:\/\/www.it-recht.net\/?page_id=5847"},"modified":"2022-06-19T12:56:11","modified_gmt":"2022-06-19T10:56:11","slug":"fachanwalt","status":"publish","type":"page","link":"https:\/\/www.it-recht.net\/zh\/fachanwalt\/","title":{"rendered":"Fachanwalt"},"content":{"rendered":"\t\t<div data-elementor-type=\"wp-page\" data-elementor-id=\"5847\" class=\"elementor elementor-5847\">\n\t\t\t\t\t\t<section class=\"elementor-section elementor-top-section elementor-element elementor-element-7ca841b5 elementor-section-boxed elementor-section-height-default elementor-section-height-default\" data-id=\"7ca841b5\" data-element_type=\"section\">\n\t\t\t\t\t\t<div class=\"elementor-container elementor-column-gap-default\">\n\t\t\t\t\t<div class=\"elementor-column elementor-col-100 elementor-top-column elementor-element elementor-element-22cb0d9b\" data-id=\"22cb0d9b\" data-element_type=\"column\">\n\t\t\t<div class=\"elementor-widget-wrap elementor-element-populated\">\n\t\t\t\t\t\t<div class=\"elementor-element elementor-element-49cc660c elementor-widget elementor-widget-text-editor\" data-id=\"49cc660c\" data-element_type=\"widget\" data-widget_type=\"text-editor.default\">\n\t\t\t\t<div class=\"elementor-widget-container\">\n\t\t\t\t\t\t\t\t\t<h3>Was bedeutet der Titel Fachanwalt eigentlich genau?<\/h3><p>Der Titel Fachanwalt steht f\u00fcr besondere Erfahrung und Sachkunde auf einem bestimmten Rechtsgebiet. Das bedeutet f\u00fcr Sie als Mandanten bei der Suche nach Rechtsberatung vor allem: Hier habe ich es mit einem ausgemachten Spezialisten f\u00fcr mein spezifisches Problem zu tun.<\/p><p>W\u00e4hrend das erste und zweite Staatsexamen \u2013 das jeder Rechtsanwalt ablegen muss \u2013 eine gro\u00dfe Zahl von Rechtsgebieten umfasst und daher schon aufgrund der Stofff\u00fclle nicht zu tief ins Detail gehen kann, hat es sich in der Praxis gezeigt, dass oft eine effizientere und bessere Beratung m\u00f6glich ist, wenn der Anwalt sich \u00fcber Jahre intensiv mit einem bestimmten Rechtsgebiet besch\u00e4ftigt. In komplexen Fachgebieten wie dem IT-Recht, Gewerblichen Rechtsschutz, Urheber- und Medienrecht und r\u00e4t es sich daher immer gezielt einen Experten aufzusuchen, da man sich hier sicher sein kann, dass er das Mandat bearbeiten kann, ohne sich vorher erst lange \u201eeinlesen\u201c zu m\u00fcssen.<\/p><p>Um den Titel f\u00fchren zu d\u00fcrfen muss ein Anwalt:<\/p><ul><li>Mindestens 3 Jahre als Rechtsanwalt zugelassen sein<\/li><li>Praktische Erfahrungen anhand tats\u00e4chlich bearbeiteter F\u00e4lle in dem jeweiligen Rechtsgebiet nachweisen (IT-Recht: 50 F\u00e4lle, Gewerblicher Rechtsschutz: 80 F\u00e4lle, Urheber- und Medienrecht: 80 F\u00e4lle, vgl.\u00a0\u00a7 5 I lit. r), o) und q) FAO (Fachanwaltsordnung))<\/li><li>Fachkurse besuchen<\/li><li>Klausuren und ggf. eine m\u00fcndliche Pr\u00fcfung bestehen<\/li><li>Auch nach dem Titelerwerb jedes Jahr Fortbildungen besuchen.<\/li><\/ul><p>Rechtsanwalt Dr. Lodigkeit hat in den letzten 15 Jahren ein Vielfaches dieser geforderten Mindestf\u00e4lle erfolgreich betreut und hat daf\u00fcr die Titel Fachanwalt f\u00fcr<a href=\"https:\/\/www.it-recht.net\/leistungen\/it-recht\/\"> IT-Recht<\/a>, Gewerblichen Rechtsschutz, Urheber- und <a href=\"https:\/\/www.it-recht.net\/leistungen\/medienrecht\/\">Medienrecht<\/a> verliehen bekommen: Ausgezeichnete Fachkompetenz.<\/p><p>\u00a0<\/p><p><a href=\"https:\/\/www.it-recht.net\/wp-content\/uploads\/2022\/06\/DSC03989-2_klein-scaled.jpg\"><img fetchpriority=\"high\" decoding=\"async\" class=\"alignnone size-full wp-image-5852\" src=\"https:\/\/www.it-recht.net\/wp-content\/uploads\/2022\/06\/DSC03989-2_klein-scaled.jpg\" alt=\"\" width=\"2560\" height=\"1707\" srcset=\"https:\/\/www.it-recht.net\/wp-content\/uploads\/2022\/06\/DSC03989-2_klein-scaled.jpg 2560w, https:\/\/www.it-recht.net\/wp-content\/uploads\/2022\/06\/DSC03989-2_klein-300x200.jpg 300w, https:\/\/www.it-recht.net\/wp-content\/uploads\/2022\/06\/DSC03989-2_klein-1024x683.jpg 1024w, https:\/\/www.it-recht.net\/wp-content\/uploads\/2022\/06\/DSC03989-2_klein-768x512.jpg 768w, https:\/\/www.it-recht.net\/wp-content\/uploads\/2022\/06\/DSC03989-2_klein-1536x1024.jpg 1536w, https:\/\/www.it-recht.net\/wp-content\/uploads\/2022\/06\/DSC03989-2_klein-2048x1365.jpg 2048w\" sizes=\"(max-width: 2560px) 100vw, 2560px\" \/><\/a><\/p>\t\t\t\t\t\t\t\t<\/div>\n\t\t\t\t<\/div>\n\t\t\t\t<div class=\"elementor-element elementor-element-f30546c elementor-widget elementor-widget-spacer\" data-id=\"f30546c\" data-element_type=\"widget\" data-widget_type=\"spacer.default\">\n\t\t\t\t<div class=\"elementor-widget-container\">\n\t\t\t\t\t\t\t<div class=\"elementor-spacer\">\n\t\t\t<div class=\"elementor-spacer-inner\"><\/div>\n\t\t<\/div>\n\t\t\t\t\t\t<\/div>\n\t\t\t\t<\/div>\n\t\t\t\t\t<\/div>\n\t\t<\/div>\n\t\t\t\t\t<\/div>\n\t\t<\/section>\n\t\t\t\t<\/div>\n\t\t","protected":false},"excerpt":{"rendered":"<p>Was bedeutet der Titel Fachanwalt eigentlich genau? Der Titel Fachanwalt steht f\u00fcr besondere Erfahrung und Sachkunde auf einem bestimmten Rechtsgebiet. Das bedeutet f\u00fcr Sie als Mandanten bei der Suche nach Rechtsberatung vor allem: Hier habe ich es mit einem ausgemachten Spezialisten f\u00fcr mein spezifisches Problem zu tun. W\u00e4hrend das erste und zweite Staatsexamen \u2013 das&hellip;<\/p>\n","protected":false},"author":3,"featured_media":0,"parent":0,"menu_order":0,"comment_status":"closed","ping_status":"closed","template":"","meta":{"footnotes":""},"class_list":["post-5847","page","type-page","status-publish","hentry"],"translation":{"provider":"WPGlobus","version":"3.0.2","language":"zh","enabled_languages":["de","en","zh"],"languages":{"de":{"title":true,"content":true,"excerpt":false},"en":{"title":false,"content":false,"excerpt":false},"zh":{"title":false,"content":false,"excerpt":false}}},"yoast_head":"<!-- This site is optimized with the Yoast SEO plugin v27.2 - https:\/\/yoast.com\/product\/yoast-seo-wordpress\/ -->\n<title>Fachanwalt - Rechtsanw\u00e4lte f\u00fcr Internet, IT, Medien | Dr. Lodigkeit Hamburg | Blog<\/title>\n<meta name=\"robots\" content=\"index, follow, max-snippet:-1, max-image-preview:large, max-video-preview:-1\" \/>\n<link rel=\"canonical\" href=\"https:\/\/www.it-recht.net\/fachanwalt\/\" \/>\n<meta property=\"og:locale\" content=\"zh_CN\" \/>\n<meta property=\"og:type\" content=\"article\" \/>\n<meta property=\"og:title\" content=\"Fachanwalt - Rechtsanw\u00e4lte f\u00fcr Internet, IT, Medien | Dr. Lodigkeit Hamburg | Blog\" \/>\n<meta property=\"og:url\" content=\"https:\/\/www.it-recht.net\/fachanwalt\/\" \/>\n<meta property=\"og:site_name\" content=\"Rechtsanw\u00e4lte f\u00fcr Internet, IT, Medien | Dr. Lodigkeit Hamburg | Blog\" \/>\n<meta property=\"article:publisher\" content=\"https:\/\/www.facebook.com\/LodigkeitRechtsanwaelte\" \/>\n<meta property=\"article:modified_time\" content=\"2022-06-19T10:56:11+00:00\" \/>\n<meta property=\"og:image\" content=\"https:\/\/www.it-recht.net\/wp-content\/uploads\/2022\/06\/DSC03989-2_klein-scaled.jpg\" \/>\n<meta name=\"twitter:card\" content=\"summary_large_image\" \/>\n<meta name=\"twitter:site\" content=\"@RA_Lodigkeit\" \/>\n<meta name=\"twitter:label1\" content=\"Est. reading time\" \/>\n\t<meta name=\"twitter:data1\" content=\"2 minutes\" \/>\n<script type=\"application\/ld+json\" class=\"yoast-schema-graph\">{\"@context\":\"https:\/\/schema.org\",\"@graph\":[{\"@type\":\"WebPage\",\"@id\":\"https:\/\/www.it-recht.net\/fachanwalt\/\",\"url\":\"https:\/\/www.it-recht.net\/fachanwalt\/\",\"name\":\"Fachanwalt - Rechtsanw\u00e4lte f\u00fcr Internet, IT, Medien | Dr. Lodigkeit Hamburg | Blog\",\"isPartOf\":{\"@id\":\"https:\/\/www.it-recht.net\/#website\"},\"primaryImageOfPage\":{\"@id\":\"https:\/\/www.it-recht.net\/fachanwalt\/#primaryimage\"},\"image\":{\"@id\":\"https:\/\/www.it-recht.net\/fachanwalt\/#primaryimage\"},\"thumbnailUrl\":\"https:\/\/www.it-recht.net\/wp-content\/uploads\/2022\/06\/DSC03989-2_klein-scaled.jpg\",\"datePublished\":\"2022-06-19T10:41:34+00:00\",\"dateModified\":\"2022-06-19T10:56:11+00:00\",\"breadcrumb\":{\"@id\":\"https:\/\/www.it-recht.net\/fachanwalt\/#breadcrumb\"},\"inLanguage\":\"zh-CN\",\"potentialAction\":[{\"@type\":\"ReadAction\",\"target\":[\"https:\/\/www.it-recht.net\/fachanwalt\/\"]}]},{\"@type\":\"ImageObject\",\"inLanguage\":\"zh-CN\",\"@id\":\"https:\/\/www.it-recht.net\/fachanwalt\/#primaryimage\",\"url\":\"https:\/\/www.it-recht.net\/wp-content\/uploads\/2022\/06\/DSC03989-2_klein-scaled.jpg\",\"contentUrl\":\"https:\/\/www.it-recht.net\/wp-content\/uploads\/2022\/06\/DSC03989-2_klein-scaled.jpg\"},{\"@type\":\"BreadcrumbList\",\"@id\":\"https:\/\/www.it-recht.net\/fachanwalt\/#breadcrumb\",\"itemListElement\":[{\"@type\":\"ListItem\",\"position\":1,\"name\":\"Startseite\",\"item\":\"https:\/\/www.it-recht.net\/\"},{\"@type\":\"ListItem\",\"position\":2,\"name\":\"Fachanwalt\"}]},{\"@type\":\"WebSite\",\"@id\":\"https:\/\/www.it-recht.net\/#website\",\"url\":\"https:\/\/www.it-recht.net\/\",\"name\":\"Rechtsanw\u00e4lte f\u00fcr Internet, IT, Medien | Dr. Lodigkeit Hamburg | Blog\",\"description\":\"IT-Recht Medienrecht Urheberrecht Markenrecht\",\"publisher\":{\"@id\":\"https:\/\/www.it-recht.net\/#organization\"},\"potentialAction\":[{\"@type\":\"SearchAction\",\"target\":{\"@type\":\"EntryPoint\",\"urlTemplate\":\"https:\/\/www.it-recht.net\/?s={search_term_string}\"},\"query-input\":{\"@type\":\"PropertyValueSpecification\",\"valueRequired\":true,\"valueName\":\"search_term_string\"}}],\"inLanguage\":\"zh-CN\"},{\"@type\":\"Organization\",\"@id\":\"https:\/\/www.it-recht.net\/#organization\",\"name\":\"Lodigkeit Rechtsanw\u00e4lte\",\"url\":\"https:\/\/www.it-recht.net\/\",\"logo\":{\"@type\":\"ImageObject\",\"inLanguage\":\"zh-CN\",\"@id\":\"https:\/\/www.it-recht.net\/#\/schema\/logo\/image\/\",\"url\":\"https:\/\/www.it-recht.net\/wp-content\/uploads\/2018\/02\/Logoneu-e1529412953187.png\",\"contentUrl\":\"https:\/\/www.it-recht.net\/wp-content\/uploads\/2018\/02\/Logoneu-e1529412953187.png\",\"width\":345,\"height\":107,\"caption\":\"Lodigkeit Rechtsanw\u00e4lte\"},\"image\":{\"@id\":\"https:\/\/www.it-recht.net\/#\/schema\/logo\/image\/\"},\"sameAs\":[\"https:\/\/www.facebook.com\/LodigkeitRechtsanwaelte\",\"https:\/\/x.com\/RA_Lodigkeit\",\"https:\/\/www.instagram.com\/lodigkeit_rechtsanwaelte\/\",\"https:\/\/www.linkedin.com\/company\/26246746\/admin\/dashboard\/\",\"https:\/\/datenschutzrecht.com\/\"]}]}<\/script>\n<!-- \/ Yoast SEO plugin. -->","yoast_head_json":{"title":"Fachanwalt - Rechtsanw\u00e4lte f\u00fcr Internet, IT, Medien | Dr. Lodigkeit Hamburg | Blog","robots":{"index":"index","follow":"follow","max-snippet":"max-snippet:-1","max-image-preview":"max-image-preview:large","max-video-preview":"max-video-preview:-1"},"canonical":"https:\/\/www.it-recht.net\/fachanwalt\/","og_locale":"zh_CN","og_type":"article","og_title":"Fachanwalt - Rechtsanw\u00e4lte f\u00fcr Internet, IT, Medien | Dr. Lodigkeit Hamburg | Blog","og_url":"https:\/\/www.it-recht.net\/fachanwalt\/","og_site_name":"Rechtsanw\u00e4lte f\u00fcr Internet, IT, Medien | Dr. Lodigkeit Hamburg | Blog","article_publisher":"https:\/\/www.facebook.com\/LodigkeitRechtsanwaelte","article_modified_time":"2022-06-19T10:56:11+00:00","og_image":[{"url":"https:\/\/www.it-recht.net\/wp-content\/uploads\/2022\/06\/DSC03989-2_klein-scaled.jpg","type":"","width":"","height":""}],"twitter_card":"summary_large_image","twitter_site":"@RA_Lodigkeit","twitter_misc":{"Est. reading time":"2 minutes"},"schema":{"@context":"https:\/\/schema.org","@graph":[{"@type":"WebPage","@id":"https:\/\/www.it-recht.net\/fachanwalt\/","url":"https:\/\/www.it-recht.net\/fachanwalt\/","name":"Fachanwalt - Rechtsanw\u00e4lte f\u00fcr Internet, IT, Medien | Dr. Lodigkeit Hamburg | Blog","isPartOf":{"@id":"https:\/\/www.it-recht.net\/#website"},"primaryImageOfPage":{"@id":"https:\/\/www.it-recht.net\/fachanwalt\/#primaryimage"},"image":{"@id":"https:\/\/www.it-recht.net\/fachanwalt\/#primaryimage"},"thumbnailUrl":"https:\/\/www.it-recht.net\/wp-content\/uploads\/2022\/06\/DSC03989-2_klein-scaled.jpg","datePublished":"2022-06-19T10:41:34+00:00","dateModified":"2022-06-19T10:56:11+00:00","breadcrumb":{"@id":"https:\/\/www.it-recht.net\/fachanwalt\/#breadcrumb"},"inLanguage":"zh-CN","potentialAction":[{"@type":"ReadAction","target":["https:\/\/www.it-recht.net\/fachanwalt\/"]}]},{"@type":"ImageObject","inLanguage":"zh-CN","@id":"https:\/\/www.it-recht.net\/fachanwalt\/#primaryimage","url":"https:\/\/www.it-recht.net\/wp-content\/uploads\/2022\/06\/DSC03989-2_klein-scaled.jpg","contentUrl":"https:\/\/www.it-recht.net\/wp-content\/uploads\/2022\/06\/DSC03989-2_klein-scaled.jpg"},{"@type":"BreadcrumbList","@id":"https:\/\/www.it-recht.net\/fachanwalt\/#breadcrumb","itemListElement":[{"@type":"ListItem","position":1,"name":"Startseite","item":"https:\/\/www.it-recht.net\/"},{"@type":"ListItem","position":2,"name":"Fachanwalt"}]},{"@type":"WebSite","@id":"https:\/\/www.it-recht.net\/#website","url":"https:\/\/www.it-recht.net\/","name":"Rechtsanw\u00e4lte f\u00fcr Internet, IT, Medien | Dr. Lodigkeit Hamburg | Blog","description":"IT-Recht Medienrecht Urheberrecht Markenrecht","publisher":{"@id":"https:\/\/www.it-recht.net\/#organization"},"potentialAction":[{"@type":"SearchAction","target":{"@type":"EntryPoint","urlTemplate":"https:\/\/www.it-recht.net\/?s={search_term_string}"},"query-input":{"@type":"PropertyValueSpecification","valueRequired":true,"valueName":"search_term_string"}}],"inLanguage":"zh-CN"},{"@type":"Organization","@id":"https:\/\/www.it-recht.net\/#organization","name":"Lodigkeit Rechtsanw\u00e4lte","url":"https:\/\/www.it-recht.net\/","logo":{"@type":"ImageObject","inLanguage":"zh-CN","@id":"https:\/\/www.it-recht.net\/#\/schema\/logo\/image\/","url":"https:\/\/www.it-recht.net\/wp-content\/uploads\/2018\/02\/Logoneu-e1529412953187.png","contentUrl":"https:\/\/www.it-recht.net\/wp-content\/uploads\/2018\/02\/Logoneu-e1529412953187.png","width":345,"height":107,"caption":"Lodigkeit Rechtsanw\u00e4lte"},"image":{"@id":"https:\/\/www.it-recht.net\/#\/schema\/logo\/image\/"},"sameAs":["https:\/\/www.facebook.com\/LodigkeitRechtsanwaelte","https:\/\/x.com\/RA_Lodigkeit","https:\/\/www.instagram.com\/lodigkeit_rechtsanwaelte\/","https:\/\/www.linkedin.com\/company\/26246746\/admin\/dashboard\/","https:\/\/datenschutzrecht.com\/"]}]}},"_links":{"self":[{"href":"https:\/\/www.it-recht.net\/zh\/wp-json\/wp\/v2\/pages\/5847","targetHints":{"allow":["GET"]}}],"collection":[{"href":"https:\/\/www.it-recht.net\/zh\/wp-json\/wp\/v2\/pages"}],"about":[{"href":"https:\/\/www.it-recht.net\/zh\/wp-json\/wp\/v2\/types\/page"}],"author":[{"embeddable":true,"href":"https:\/\/www.it-recht.net\/zh\/wp-json\/wp\/v2\/users\/3"}],"replies":[{"embeddable":true,"href":"https:\/\/www.it-recht.net\/zh\/wp-json\/wp\/v2\/comments?post=5847"}],"version-history":[{"count":13,"href":"https:\/\/www.it-recht.net\/zh\/wp-json\/wp\/v2\/pages\/5847\/revisions"}],"predecessor-version":[{"id":5866,"href":"https:\/\/www.it-recht.net\/zh\/wp-json\/wp\/v2\/pages\/5847\/revisions\/5866"}],"wp:attachment":[{"href":"https:\/\/www.it-recht.net\/zh\/wp-json\/wp\/v2\/media?parent=5847"}],"curies":[{"name":"wp","href":"https:\/\/api.w.org\/{rel}","templated":true}]}}