{"id":53,"date":"2014-09-02T15:55:07","date_gmt":"2014-09-02T13:55:07","guid":{"rendered":"http:\/\/juralib.de\/misc\/lodigkeit\/wordpress\/?page_id=53"},"modified":"2022-09-18T15:26:15","modified_gmt":"2022-09-18T13:26:15","slug":"ueber-uns","status":"publish","type":"page","link":"https:\/\/www.it-recht.net\/zh\/%E5%85%B3%E4%BA%8E%E6%88%91%E4%BB%AC\/","title":{"rendered":"\u00dcber Uns"},"content":{"rendered":"\t\t<div data-elementor-type=\"wp-post\" data-elementor-id=\"53\" class=\"elementor elementor-53\">\n\t\t\t\t\t\t<section class=\"elementor-section elementor-top-section elementor-element elementor-element-4efd3326 elementor-section-boxed elementor-section-height-default elementor-section-height-default\" data-id=\"4efd3326\" data-element_type=\"section\">\n\t\t\t\t\t\t<div class=\"elementor-container elementor-column-gap-default\">\n\t\t\t\t\t<div class=\"elementor-column elementor-col-100 elementor-top-column elementor-element elementor-element-6c2abfd2\" data-id=\"6c2abfd2\" data-element_type=\"column\">\n\t\t\t<div class=\"elementor-widget-wrap elementor-element-populated\">\n\t\t\t\t\t\t<section class=\"elementor-section elementor-inner-section elementor-element elementor-element-c74d1d3 elementor-section-boxed elementor-section-height-default elementor-section-height-default\" data-id=\"c74d1d3\" data-element_type=\"section\" data-settings=\"{&quot;background_background&quot;:&quot;classic&quot;}\">\n\t\t\t\t\t\t\t<div class=\"elementor-background-overlay\"><\/div>\n\t\t\t\t\t\t\t<div class=\"elementor-container elementor-column-gap-default\">\n\t\t\t\t\t<div class=\"elementor-column elementor-col-33 elementor-inner-column elementor-element elementor-element-eff6ef3\" data-id=\"eff6ef3\" data-element_type=\"column\">\n\t\t\t<div class=\"elementor-widget-wrap\">\n\t\t\t\t\t\t\t<\/div>\n\t\t<\/div>\n\t\t\t\t<div class=\"elementor-column elementor-col-66 elementor-inner-column elementor-element elementor-element-b7bc4dc\" data-id=\"b7bc4dc\" data-element_type=\"column\">\n\t\t\t<div class=\"elementor-widget-wrap elementor-element-populated\">\n\t\t\t\t\t\t<div class=\"elementor-element elementor-element-3560e8f4 elementor-widget elementor-widget-text-editor\" data-id=\"3560e8f4\" data-element_type=\"widget\" data-widget_type=\"text-editor.default\">\n\t\t\t\t<div class=\"elementor-widget-container\">\n\t\t\t\t\t\t\t\t\t<h3>Lernen Sie unsere Kanzlei kennen<\/h3><p>Die Kanzlei Lodigkeit Rechtsanw\u00e4lte ist spezialisiert f\u00fcr die Bereiche <strong><a href=\"https:\/\/www.it-recht.net\/leistungen\/internetrecht\/\">Internetrecht<\/a><\/strong>,<strong><a href=\"https:\/\/www.it-recht.net\/leistungen\/it-recht\/\"> IT-Recht<\/a><\/strong>, <strong><a href=\"https:\/\/www.it-recht.net\/leistungen\/medienrecht\/\">Medienrecht<\/a> <\/strong>und <strong><a href=\"https:\/\/www.it-recht.net\/leistungen\/markenrecht\/\">Markenrecht<\/a><\/strong>. Ihren Sitz hat die Kanzlei direkt in der Hamburger City in der traditionsreichen Poststra\u00dfe schr\u00e4g gegen\u00fcber der Gerhofstra\u00dfe (links neben dem Eingang zum Hanseviertel &#8211; Poststr. 25). Das Team besteht aus mehreren Anw\u00e4lten, alle seit vielen Jahren spezialisiert. Das Team\u00a0ist jederzeit f\u00fcr Sie da.<\/p>\t\t\t\t\t\t\t\t<\/div>\n\t\t\t\t<\/div>\n\t\t\t\t\t<\/div>\n\t\t<\/div>\n\t\t\t\t\t<\/div>\n\t\t<\/section>\n\t\t\t\t<section class=\"elementor-section elementor-inner-section elementor-element elementor-element-6f5d14d elementor-section-boxed elementor-section-height-default elementor-section-height-default\" data-id=\"6f5d14d\" data-element_type=\"section\" data-settings=\"{&quot;background_background&quot;:&quot;classic&quot;}\">\n\t\t\t\t\t\t\t<div class=\"elementor-background-overlay\"><\/div>\n\t\t\t\t\t\t\t<div class=\"elementor-container elementor-column-gap-default\">\n\t\t\t\t\t<div class=\"elementor-column elementor-col-66 elementor-inner-column elementor-element elementor-element-54b6242\" data-id=\"54b6242\" data-element_type=\"column\">\n\t\t\t<div class=\"elementor-widget-wrap elementor-element-populated\">\n\t\t\t\t\t\t<div class=\"elementor-element elementor-element-6f65ca2 elementor-widget elementor-widget-text-editor\" data-id=\"6f65ca2\" data-element_type=\"widget\" data-widget_type=\"text-editor.default\">\n\t\t\t\t<div class=\"elementor-widget-container\">\n\t\t\t\t\t\t\t\t\t<h3>\u00dcber 26 Jahre Erfahrung<\/h3><p style=\"font-weight: 400;\">Rechtsanwalt Dr. Klaus Lodigkeit hat schon im Jahre 1997 angefangen als wissenschaftlicher Mitarbeiter f\u00fcr IT-Recht zu arbeiten, bei einer der ersten IT-Rechts-Kanzleien in Hamburg und der allerersten IT-Fachanw\u00e4ltin in Hamburg. Vertragsverhandlungen im IT-Recht mit namhaften Unternehmen (etwa Lufthansa) und die ersten Rechtsfragen zum Internetrecht behandelt er schon damals.\u00a0Dr. Lodigkeit\u00a0bringt als dreifacher Fachanwalt vielseitige berufliche Erfahrungen in diesen Bereichen mit. Bereits das Referendariat absolvierte er beim\u00a0<a href=\"https:\/\/www.dpma.de\/\">Deutschen Patent- und Markenamt<\/a>\u00a0in M\u00fcnchen. Es folgten Master in Information Law and Intellectual Property am\u00a0<a href=\"http:\/\/www.law.uh.edu\/\">Law Center der University of Houston<\/a> (Texas) sowie eine langj\u00e4hrige rechtsanwaltliche T\u00e4tigkeit u.a. in namhaften Gro\u00dfkanzleien und mittelst\u00e4ndischen Kanzleien\u00a0und einer <a href=\"https:\/\/www.brownsims.com\/lawyers\/\">amerikanischen Kanzlei<\/a> f\u00fcr ein Jahr.\u00a0Als selbst\u00e4ndiger Anwalt f\u00fcr IT-Recht und Partner\u00a0in bekannten Kanzleien begann Dr. Lodigkeit in 2004. Er wurde sodann aufgrund seiner vielf\u00e4ltigen Praxiserfahrung im Jahre 2008 zum Fachanwalt f\u00fcr IT-Recht und Gewerblichen Rechtsschutz ernannt. Seit 2014 ist er zudem Fachanwalt f\u00fcr Urheber- und Medienrecht. Seit dem Fr\u00fchjahr 2011 besteht die Kanzlei Lodigkeit Rechtsanw\u00e4lte in der Poststra\u00dfe in Hamburg.<\/p><p style=\"font-weight: 400;\">Eine anwaltliche Vertretung kann an allen Amtsgerichten und Landgerichten\u00a0und Oberlandesgerichten\u00a0erfolgen. Unterst\u00fctzt wird Rechtsanwalt Dr. Klaus Lodigkeit von einem Team, bestehend aus diversen Fachkr\u00e4ften.<\/p>\t\t\t\t\t\t\t\t<\/div>\n\t\t\t\t<\/div>\n\t\t\t\t\t<\/div>\n\t\t<\/div>\n\t\t\t\t<div class=\"elementor-column elementor-col-33 elementor-inner-column elementor-element elementor-element-2f00bfa\" data-id=\"2f00bfa\" data-element_type=\"column\">\n\t\t\t<div class=\"elementor-widget-wrap\">\n\t\t\t\t\t\t\t<\/div>\n\t\t<\/div>\n\t\t\t\t\t<\/div>\n\t\t<\/section>\n\t\t\t\t<section class=\"elementor-section elementor-inner-section elementor-element elementor-element-316e63b elementor-section-boxed elementor-section-height-default elementor-section-height-default\" data-id=\"316e63b\" data-element_type=\"section\">\n\t\t\t\t\t\t<div class=\"elementor-container elementor-column-gap-default\">\n\t\t\t\t\t<div class=\"elementor-column elementor-col-33 elementor-inner-column elementor-element elementor-element-9214101\" data-id=\"9214101\" data-element_type=\"column\">\n\t\t\t<div class=\"elementor-widget-wrap elementor-element-populated\">\n\t\t\t\t\t\t<div class=\"elementor-element elementor-element-b05b9de elementor-widget elementor-widget-image\" data-id=\"b05b9de\" data-element_type=\"widget\" data-widget_type=\"image.default\">\n\t\t\t\t<div class=\"elementor-widget-container\">\n\t\t\t\t\t\t\t\t\t\t\t\t\t\t\t<img fetchpriority=\"high\" decoding=\"async\" width=\"923\" height=\"616\" src=\"https:\/\/www.it-recht.net\/wp-content\/uploads\/2022\/06\/DSC03983-2_klein-1024x683.jpg\" class=\"attachment-large size-large wp-image-5869\" alt=\"\" srcset=\"https:\/\/www.it-recht.net\/wp-content\/uploads\/2022\/06\/DSC03983-2_klein-1024x683.jpg 1024w, https:\/\/www.it-recht.net\/wp-content\/uploads\/2022\/06\/DSC03983-2_klein-300x200.jpg 300w, https:\/\/www.it-recht.net\/wp-content\/uploads\/2022\/06\/DSC03983-2_klein-768x512.jpg 768w, https:\/\/www.it-recht.net\/wp-content\/uploads\/2022\/06\/DSC03983-2_klein-1536x1024.jpg 1536w, https:\/\/www.it-recht.net\/wp-content\/uploads\/2022\/06\/DSC03983-2_klein-2048x1365.jpg 2048w\" sizes=\"(max-width: 923px) 100vw, 923px\" \/>\t\t\t\t\t\t\t\t\t\t\t\t\t\t\t<\/div>\n\t\t\t\t<\/div>\n\t\t\t\t\t<\/div>\n\t\t<\/div>\n\t\t\t\t<div class=\"elementor-column elementor-col-33 elementor-inner-column elementor-element elementor-element-a4dbc45\" data-id=\"a4dbc45\" data-element_type=\"column\">\n\t\t\t<div class=\"elementor-widget-wrap elementor-element-populated\">\n\t\t\t\t\t\t<div class=\"elementor-element elementor-element-de18c2a elementor-widget elementor-widget-image\" data-id=\"de18c2a\" data-element_type=\"widget\" data-widget_type=\"image.default\">\n\t\t\t\t<div class=\"elementor-widget-container\">\n\t\t\t\t\t\t\t\t\t\t\t\t\t\t\t<img decoding=\"async\" width=\"923\" height=\"616\" src=\"https:\/\/www.it-recht.net\/wp-content\/uploads\/2022\/06\/Lodigkeit-Hamburg-Kanzlei6-1024x683.jpg\" class=\"attachment-large size-large wp-image-5808\" alt=\"\" srcset=\"https:\/\/www.it-recht.net\/wp-content\/uploads\/2022\/06\/Lodigkeit-Hamburg-Kanzlei6-1024x683.jpg 1024w, https:\/\/www.it-recht.net\/wp-content\/uploads\/2022\/06\/Lodigkeit-Hamburg-Kanzlei6-300x200.jpg 300w, https:\/\/www.it-recht.net\/wp-content\/uploads\/2022\/06\/Lodigkeit-Hamburg-Kanzlei6-768x512.jpg 768w, https:\/\/www.it-recht.net\/wp-content\/uploads\/2022\/06\/Lodigkeit-Hamburg-Kanzlei6-1536x1024.jpg 1536w, https:\/\/www.it-recht.net\/wp-content\/uploads\/2022\/06\/Lodigkeit-Hamburg-Kanzlei6-2048x1365.jpg 2048w\" sizes=\"(max-width: 923px) 100vw, 923px\" \/>\t\t\t\t\t\t\t\t\t\t\t\t\t\t\t<\/div>\n\t\t\t\t<\/div>\n\t\t\t\t\t<\/div>\n\t\t<\/div>\n\t\t\t\t<div class=\"elementor-column elementor-col-33 elementor-inner-column elementor-element elementor-element-f9a50cb\" data-id=\"f9a50cb\" data-element_type=\"column\">\n\t\t\t<div class=\"elementor-widget-wrap elementor-element-populated\">\n\t\t\t\t\t\t<div class=\"elementor-element elementor-element-fd2be7a elementor-widget elementor-widget-image\" data-id=\"fd2be7a\" data-element_type=\"widget\" data-widget_type=\"image.default\">\n\t\t\t\t<div class=\"elementor-widget-container\">\n\t\t\t\t\t\t\t\t\t\t\t\t\t\t\t<img decoding=\"async\" width=\"923\" height=\"616\" src=\"https:\/\/www.it-recht.net\/wp-content\/uploads\/2022\/06\/DSC04098-2_klein-1024x683.jpg\" class=\"attachment-large size-large wp-image-5871\" alt=\"\" srcset=\"https:\/\/www.it-recht.net\/wp-content\/uploads\/2022\/06\/DSC04098-2_klein-1024x683.jpg 1024w, https:\/\/www.it-recht.net\/wp-content\/uploads\/2022\/06\/DSC04098-2_klein-300x200.jpg 300w, https:\/\/www.it-recht.net\/wp-content\/uploads\/2022\/06\/DSC04098-2_klein-768x512.jpg 768w, https:\/\/www.it-recht.net\/wp-content\/uploads\/2022\/06\/DSC04098-2_klein-1536x1024.jpg 1536w, https:\/\/www.it-recht.net\/wp-content\/uploads\/2022\/06\/DSC04098-2_klein-2048x1365.jpg 2048w\" sizes=\"(max-width: 923px) 100vw, 923px\" \/>\t\t\t\t\t\t\t\t\t\t\t\t\t\t\t<\/div>\n\t\t\t\t<\/div>\n\t\t\t\t\t<\/div>\n\t\t<\/div>\n\t\t\t\t\t<\/div>\n\t\t<\/section>\n\t\t\t\t<section class=\"elementor-section elementor-inner-section elementor-element elementor-element-9098289 elementor-section-boxed elementor-section-height-default elementor-section-height-default\" data-id=\"9098289\" data-element_type=\"section\" data-settings=\"{&quot;background_background&quot;:&quot;classic&quot;}\">\n\t\t\t\t\t\t\t<div class=\"elementor-background-overlay\"><\/div>\n\t\t\t\t\t\t\t<div class=\"elementor-container elementor-column-gap-default\">\n\t\t\t\t\t<div class=\"elementor-column elementor-col-50 elementor-inner-column elementor-element elementor-element-832509c\" data-id=\"832509c\" data-element_type=\"column\">\n\t\t\t<div class=\"elementor-widget-wrap\">\n\t\t\t\t\t\t\t<\/div>\n\t\t<\/div>\n\t\t\t\t<div class=\"elementor-column elementor-col-50 elementor-inner-column elementor-element elementor-element-aba0ab7\" data-id=\"aba0ab7\" data-element_type=\"column\">\n\t\t\t<div class=\"elementor-widget-wrap elementor-element-populated\">\n\t\t\t\t\t\t<div class=\"elementor-element elementor-element-9d75276 elementor-widget elementor-widget-text-editor\" data-id=\"9d75276\" data-element_type=\"widget\" data-widget_type=\"text-editor.default\">\n\t\t\t\t<div class=\"elementor-widget-container\">\n\t\t\t\t\t\t\t\t\t<h3 style=\"font-weight: 400;\"><strong>Umfangreiche, spezielle Erfahrung<\/strong><\/h3><p style=\"font-weight: 400;\">Die Kanzlei ist auf Internet \u2013 IT-Recht und Medien spezialisiert.<\/p><p style=\"font-weight: 400;\">Dr. Lodigkeit ist auf allen hierf\u00fcr relevanten Gebieten Fachanwalt. Der Titel Fachanwalt steht f\u00fcr besondere Erfahrung und Sachkunde auf einem bestimmten Rechtsgebiet.<\/p><p style=\"font-weight: 400;\">Um den Titel f\u00fchren zu d\u00fcrfen muss Dr. Lodigkeit unter anderem praktische Erfahrungen anhand tats\u00e4chlich bearbeiteter F\u00e4lle in dem jeweiligen Rechtsgebiet nachweisen (IT-Recht: 50 F\u00e4lle, Gewerblicher Rechtsschutz: 80 F\u00e4lle, Urheber- und Medienrecht: 80 F\u00e4lle, vgl. \u00a7 5 I lit. r), o) und q) FAO (Fachanwaltsordnung)) \u2013 weitere Informationen zum Fachanwalt finden Sie hier: Fachanwalt \u2013 was bedeutet der Fachanwalt<\/p><p style=\"font-weight: 400;\">Rechtsanwalt Dr. Lodigkeit hat in den letzten 20 Jahren ein Vielfaches dieser geforderten Mindestf\u00e4lle erfolgreich betreut und hat daf\u00fcr die Titel Fachanwalt f\u00fcr IT-Recht, Gewerblichen Rechtsschutz, Urheber- und Medienrecht verliehen bekommen: Ausgezeichnete Fachkompetenz. Schauen Sie sich unsere <a href=\"https:\/\/www.it-recht.net\/ueber-uns\/fallbeispiele\/\">Fallbeispiele\u00a0<\/a>an.<\/p>\t\t\t\t\t\t\t\t<\/div>\n\t\t\t\t<\/div>\n\t\t\t\t\t<\/div>\n\t\t<\/div>\n\t\t\t\t\t<\/div>\n\t\t<\/section>\n\t\t\t\t<div class=\"elementor-element elementor-element-6b11905 elementor-widget elementor-widget-spacer\" data-id=\"6b11905\" data-element_type=\"widget\" data-widget_type=\"spacer.default\">\n\t\t\t\t<div class=\"elementor-widget-container\">\n\t\t\t\t\t\t\t<div class=\"elementor-spacer\">\n\t\t\t<div class=\"elementor-spacer-inner\"><\/div>\n\t\t<\/div>\n\t\t\t\t\t\t<\/div>\n\t\t\t\t<\/div>\n\t\t\t\t<div class=\"elementor-element elementor-element-aa173f9 elementor-widget elementor-widget-text-editor\" data-id=\"aa173f9\" data-element_type=\"widget\" data-widget_type=\"text-editor.default\">\n\t\t\t\t<div class=\"elementor-widget-container\">\n\t\t\t\t\t\t\t\t\t<h3 style=\"font-weight: 400;\"><strong>Ihre Frage ist nicht dabei? Sie m\u00f6chten einen Gespr\u00e4chstermin?<\/strong><\/h3>\n<p style=\"font-weight: 400;\">F\u00fcr Sie ist ein erster Gespr\u00e4chstermin bei uns selbstverst\u00e4ndlich kostenlos und unverbindlich. Das Ziel ist ein pers\u00f6nliches Kennenlernen und Austausch mit Ihrem Ansprechpartner und Experten \u00fcber Ihre W\u00fcnsche, Vorstellungen und Ziele.<\/p>\n<p style=\"font-weight: 400;\">F\u00fcr uns ist gegenseitiges Vertrauen die wichtige Basis f\u00fcr eine erfolgreiche und gerne langfristige Zusammenarbeit. Im Rahmen des Gespr\u00e4chs k\u00f6nnen wir \u00fcber Ihren Beratungsbedarf sprechen \u2013 und erstellen Ihnen im Anschluss auf Wunsch ein schriftliches Kostenangebot.<\/p>\n<p style=\"font-weight: 400;\">Sprechen Sie uns gern pers\u00f6nlich an. Wir freuen uns auf Sie!<\/p>\t\t\t\t\t\t\t\t<\/div>\n\t\t\t\t<\/div>\n\t\t\t\t<div class=\"elementor-element elementor-element-1a4fe72 elementor-widget elementor-widget-spacer\" data-id=\"1a4fe72\" data-element_type=\"widget\" data-widget_type=\"spacer.default\">\n\t\t\t\t<div class=\"elementor-widget-container\">\n\t\t\t\t\t\t\t<div class=\"elementor-spacer\">\n\t\t\t<div class=\"elementor-spacer-inner\"><\/div>\n\t\t<\/div>\n\t\t\t\t\t\t<\/div>\n\t\t\t\t<\/div>\n\t\t\t\t\t<\/div>\n\t\t<\/div>\n\t\t\t\t\t<\/div>\n\t\t<\/section>\n\t\t\t\t<\/div>\n\t\t","protected":false},"excerpt":{"rendered":"<p>Lernen Sie unsere Kanzlei kennen Die Kanzlei Lodigkeit Rechtsanw\u00e4lte ist spezialisiert f\u00fcr die Bereiche Internetrecht, IT-Recht, Medienrecht und Markenrecht. Ihren Sitz hat die Kanzlei direkt in der Hamburger City in der traditionsreichen Poststra\u00dfe schr\u00e4g gegen\u00fcber der Gerhofstra\u00dfe (links neben dem Eingang zum Hanseviertel &#8211; Poststr. 25). Das Team besteht aus mehreren Anw\u00e4lten, alle seit vielen&hellip;<\/p>\n","protected":false},"author":1,"featured_media":0,"parent":0,"menu_order":0,"comment_status":"closed","ping_status":"closed","template":"","meta":{"footnotes":""},"class_list":["post-53","page","type-page","status-publish","hentry"],"translation":{"provider":"WPGlobus","version":"3.0.2","language":"zh","enabled_languages":["de","en","zh"],"languages":{"de":{"title":true,"content":true,"excerpt":false},"en":{"title":false,"content":false,"excerpt":false},"zh":{"title":false,"content":false,"excerpt":false}}},"yoast_head":"<!-- This site is optimized with the Yoast SEO plugin v27.2 - https:\/\/yoast.com\/product\/yoast-seo-wordpress\/ -->\n<title>\u00dcber Uns - Rechtsanw\u00e4lte f\u00fcr Internet, IT, Medien | Dr. Lodigkeit Hamburg | Blog<\/title>\n<meta name=\"robots\" content=\"index, follow, max-snippet:-1, max-image-preview:large, max-video-preview:-1\" \/>\n<link rel=\"canonical\" href=\"https:\/\/www.it-recht.net\/ueber-uns\/\" \/>\n<meta property=\"og:locale\" content=\"zh_CN\" \/>\n<meta property=\"og:type\" content=\"article\" \/>\n<meta property=\"og:title\" content=\"\u00dcber Uns - Rechtsanw\u00e4lte f\u00fcr Internet, IT, Medien | Dr. Lodigkeit Hamburg | Blog\" \/>\n<meta property=\"og:url\" content=\"https:\/\/www.it-recht.net\/ueber-uns\/\" \/>\n<meta property=\"og:site_name\" content=\"Rechtsanw\u00e4lte f\u00fcr Internet, IT, Medien | Dr. Lodigkeit Hamburg | Blog\" \/>\n<meta property=\"article:publisher\" content=\"https:\/\/www.facebook.com\/LodigkeitRechtsanwaelte\" \/>\n<meta property=\"article:modified_time\" content=\"2022-09-18T13:26:15+00:00\" \/>\n<meta property=\"og:image\" content=\"https:\/\/www.it-recht.net\/wp-content\/uploads\/2022\/06\/DSC03983-2_klein-1024x683.jpg\" \/>\n<meta name=\"twitter:card\" content=\"summary_large_image\" \/>\n<meta name=\"twitter:site\" content=\"@RA_Lodigkeit\" \/>\n<meta name=\"twitter:label1\" content=\"Est. reading time\" \/>\n\t<meta name=\"twitter:data1\" content=\"4 minutes\" \/>\n<script type=\"application\/ld+json\" class=\"yoast-schema-graph\">{\"@context\":\"https:\/\/schema.org\",\"@graph\":[{\"@type\":\"WebPage\",\"@id\":\"https:\/\/www.it-recht.net\/ueber-uns\/\",\"url\":\"https:\/\/www.it-recht.net\/ueber-uns\/\",\"name\":\"\u00dcber Uns - Rechtsanw\u00e4lte f\u00fcr Internet, IT, Medien | Dr. Lodigkeit Hamburg | Blog\",\"isPartOf\":{\"@id\":\"https:\/\/www.it-recht.net\/#website\"},\"primaryImageOfPage\":{\"@id\":\"https:\/\/www.it-recht.net\/ueber-uns\/#primaryimage\"},\"image\":{\"@id\":\"https:\/\/www.it-recht.net\/ueber-uns\/#primaryimage\"},\"thumbnailUrl\":\"https:\/\/www.it-recht.net\/wp-content\/uploads\/2022\/06\/DSC03983-2_klein-1024x683.jpg\",\"datePublished\":\"2014-09-02T13:55:07+00:00\",\"dateModified\":\"2022-09-18T13:26:15+00:00\",\"description\":\"Die Kanzlei Lodigkeit Rechtsanw\u00e4lte ist spezialisiert f\u00fcr die Bereiche Internetrecht, IT-Recht, Medienrecht und Markenrecht. Ihren Sitz hat die Kanzlei direkt in der Hamburger City.\",\"breadcrumb\":{\"@id\":\"https:\/\/www.it-recht.net\/ueber-uns\/#breadcrumb\"},\"inLanguage\":\"zh-CN\",\"potentialAction\":[{\"@type\":\"ReadAction\",\"target\":[\"https:\/\/www.it-recht.net\/ueber-uns\/\"]}]},{\"@type\":\"ImageObject\",\"inLanguage\":\"zh-CN\",\"@id\":\"https:\/\/www.it-recht.net\/ueber-uns\/#primaryimage\",\"url\":\"https:\/\/www.it-recht.net\/wp-content\/uploads\/2022\/06\/DSC03983-2_klein-1024x683.jpg\",\"contentUrl\":\"https:\/\/www.it-recht.net\/wp-content\/uploads\/2022\/06\/DSC03983-2_klein-1024x683.jpg\"},{\"@type\":\"BreadcrumbList\",\"@id\":\"https:\/\/www.it-recht.net\/ueber-uns\/#breadcrumb\",\"itemListElement\":[{\"@type\":\"ListItem\",\"position\":1,\"name\":\"Startseite\",\"item\":\"https:\/\/www.it-recht.net\/\"},{\"@type\":\"ListItem\",\"position\":2,\"name\":\"\u00dcber Uns\"}]},{\"@type\":\"WebSite\",\"@id\":\"https:\/\/www.it-recht.net\/#website\",\"url\":\"https:\/\/www.it-recht.net\/\",\"name\":\"Rechtsanw\u00e4lte f\u00fcr Internet, IT, Medien | Dr. Lodigkeit Hamburg | Blog\",\"description\":\"IT-Recht Medienrecht Urheberrecht Markenrecht\",\"publisher\":{\"@id\":\"https:\/\/www.it-recht.net\/#organization\"},\"potentialAction\":[{\"@type\":\"SearchAction\",\"target\":{\"@type\":\"EntryPoint\",\"urlTemplate\":\"https:\/\/www.it-recht.net\/?s={search_term_string}\"},\"query-input\":{\"@type\":\"PropertyValueSpecification\",\"valueRequired\":true,\"valueName\":\"search_term_string\"}}],\"inLanguage\":\"zh-CN\"},{\"@type\":\"Organization\",\"@id\":\"https:\/\/www.it-recht.net\/#organization\",\"name\":\"Lodigkeit Rechtsanw\u00e4lte\",\"url\":\"https:\/\/www.it-recht.net\/\",\"logo\":{\"@type\":\"ImageObject\",\"inLanguage\":\"zh-CN\",\"@id\":\"https:\/\/www.it-recht.net\/#\/schema\/logo\/image\/\",\"url\":\"https:\/\/www.it-recht.net\/wp-content\/uploads\/2018\/02\/Logoneu-e1529412953187.png\",\"contentUrl\":\"https:\/\/www.it-recht.net\/wp-content\/uploads\/2018\/02\/Logoneu-e1529412953187.png\",\"width\":345,\"height\":107,\"caption\":\"Lodigkeit Rechtsanw\u00e4lte\"},\"image\":{\"@id\":\"https:\/\/www.it-recht.net\/#\/schema\/logo\/image\/\"},\"sameAs\":[\"https:\/\/www.facebook.com\/LodigkeitRechtsanwaelte\",\"https:\/\/x.com\/RA_Lodigkeit\",\"https:\/\/www.instagram.com\/lodigkeit_rechtsanwaelte\/\",\"https:\/\/www.linkedin.com\/company\/26246746\/admin\/dashboard\/\",\"https:\/\/datenschutzrecht.com\/\"]}]}<\/script>\n<!-- \/ Yoast SEO plugin. -->","yoast_head_json":{"title":"\u00dcber Uns - Rechtsanw\u00e4lte f\u00fcr Internet, IT, Medien | Dr. Lodigkeit Hamburg | Blog","robots":{"index":"index","follow":"follow","max-snippet":"max-snippet:-1","max-image-preview":"max-image-preview:large","max-video-preview":"max-video-preview:-1"},"canonical":"https:\/\/www.it-recht.net\/ueber-uns\/","og_locale":"zh_CN","og_type":"article","og_title":"\u00dcber Uns - Rechtsanw\u00e4lte f\u00fcr Internet, IT, Medien | Dr. Lodigkeit Hamburg | Blog","og_url":"https:\/\/www.it-recht.net\/ueber-uns\/","og_site_name":"Rechtsanw\u00e4lte f\u00fcr Internet, IT, Medien | Dr. Lodigkeit Hamburg | Blog","article_publisher":"https:\/\/www.facebook.com\/LodigkeitRechtsanwaelte","article_modified_time":"2022-09-18T13:26:15+00:00","og_image":[{"url":"https:\/\/www.it-recht.net\/wp-content\/uploads\/2022\/06\/DSC03983-2_klein-1024x683.jpg","type":"","width":"","height":""}],"twitter_card":"summary_large_image","twitter_site":"@RA_Lodigkeit","twitter_misc":{"Est. reading time":"4 minutes"},"schema":{"@context":"https:\/\/schema.org","@graph":[{"@type":"WebPage","@id":"https:\/\/www.it-recht.net\/ueber-uns\/","url":"https:\/\/www.it-recht.net\/ueber-uns\/","name":"\u00dcber Uns - Rechtsanw\u00e4lte f\u00fcr Internet, IT, Medien | Dr. Lodigkeit Hamburg | Blog","isPartOf":{"@id":"https:\/\/www.it-recht.net\/#website"},"primaryImageOfPage":{"@id":"https:\/\/www.it-recht.net\/ueber-uns\/#primaryimage"},"image":{"@id":"https:\/\/www.it-recht.net\/ueber-uns\/#primaryimage"},"thumbnailUrl":"https:\/\/www.it-recht.net\/wp-content\/uploads\/2022\/06\/DSC03983-2_klein-1024x683.jpg","datePublished":"2014-09-02T13:55:07+00:00","dateModified":"2022-09-18T13:26:15+00:00","description":"Die Kanzlei Lodigkeit Rechtsanw\u00e4lte ist spezialisiert f\u00fcr die Bereiche Internetrecht, IT-Recht, Medienrecht und Markenrecht. Ihren Sitz hat die Kanzlei direkt in der Hamburger City.","breadcrumb":{"@id":"https:\/\/www.it-recht.net\/ueber-uns\/#breadcrumb"},"inLanguage":"zh-CN","potentialAction":[{"@type":"ReadAction","target":["https:\/\/www.it-recht.net\/ueber-uns\/"]}]},{"@type":"ImageObject","inLanguage":"zh-CN","@id":"https:\/\/www.it-recht.net\/ueber-uns\/#primaryimage","url":"https:\/\/www.it-recht.net\/wp-content\/uploads\/2022\/06\/DSC03983-2_klein-1024x683.jpg","contentUrl":"https:\/\/www.it-recht.net\/wp-content\/uploads\/2022\/06\/DSC03983-2_klein-1024x683.jpg"},{"@type":"BreadcrumbList","@id":"https:\/\/www.it-recht.net\/ueber-uns\/#breadcrumb","itemListElement":[{"@type":"ListItem","position":1,"name":"Startseite","item":"https:\/\/www.it-recht.net\/"},{"@type":"ListItem","position":2,"name":"\u00dcber Uns"}]},{"@type":"WebSite","@id":"https:\/\/www.it-recht.net\/#website","url":"https:\/\/www.it-recht.net\/","name":"Rechtsanw\u00e4lte f\u00fcr Internet, IT, Medien | Dr. Lodigkeit Hamburg | Blog","description":"IT-Recht Medienrecht Urheberrecht Markenrecht","publisher":{"@id":"https:\/\/www.it-recht.net\/#organization"},"potentialAction":[{"@type":"SearchAction","target":{"@type":"EntryPoint","urlTemplate":"https:\/\/www.it-recht.net\/?s={search_term_string}"},"query-input":{"@type":"PropertyValueSpecification","valueRequired":true,"valueName":"search_term_string"}}],"inLanguage":"zh-CN"},{"@type":"Organization","@id":"https:\/\/www.it-recht.net\/#organization","name":"Lodigkeit Rechtsanw\u00e4lte","url":"https:\/\/www.it-recht.net\/","logo":{"@type":"ImageObject","inLanguage":"zh-CN","@id":"https:\/\/www.it-recht.net\/#\/schema\/logo\/image\/","url":"https:\/\/www.it-recht.net\/wp-content\/uploads\/2018\/02\/Logoneu-e1529412953187.png","contentUrl":"https:\/\/www.it-recht.net\/wp-content\/uploads\/2018\/02\/Logoneu-e1529412953187.png","width":345,"height":107,"caption":"Lodigkeit Rechtsanw\u00e4lte"},"image":{"@id":"https:\/\/www.it-recht.net\/#\/schema\/logo\/image\/"},"sameAs":["https:\/\/www.facebook.com\/LodigkeitRechtsanwaelte","https:\/\/x.com\/RA_Lodigkeit","https:\/\/www.instagram.com\/lodigkeit_rechtsanwaelte\/","https:\/\/www.linkedin.com\/company\/26246746\/admin\/dashboard\/","https:\/\/datenschutzrecht.com\/"]}]}},"_links":{"self":[{"href":"https:\/\/www.it-recht.net\/zh\/wp-json\/wp\/v2\/pages\/53","targetHints":{"allow":["GET"]}}],"collection":[{"href":"https:\/\/www.it-recht.net\/zh\/wp-json\/wp\/v2\/pages"}],"about":[{"href":"https:\/\/www.it-recht.net\/zh\/wp-json\/wp\/v2\/types\/page"}],"author":[{"embeddable":true,"href":"https:\/\/www.it-recht.net\/zh\/wp-json\/wp\/v2\/users\/1"}],"replies":[{"embeddable":true,"href":"https:\/\/www.it-recht.net\/zh\/wp-json\/wp\/v2\/comments?post=53"}],"version-history":[{"count":79,"href":"https:\/\/www.it-recht.net\/zh\/wp-json\/wp\/v2\/pages\/53\/revisions"}],"predecessor-version":[{"id":6066,"href":"https:\/\/www.it-recht.net\/zh\/wp-json\/wp\/v2\/pages\/53\/revisions\/6066"}],"wp:attachment":[{"href":"https:\/\/www.it-recht.net\/zh\/wp-json\/wp\/v2\/media?parent=53"}],"curies":[{"name":"wp","href":"https:\/\/api.w.org\/{rel}","templated":true}]}}